{"id":481,"date":"2020-02-10T16:41:25","date_gmt":"2020-02-10T15:41:25","guid":{"rendered":"https:\/\/schulen-colditz.de\/oberschule\/?page_id=481"},"modified":"2021-12-09T17:10:02","modified_gmt":"2021-12-09T16:10:02","slug":"impressum","status":"publish","type":"page","link":"https:\/\/schulen-colditz.de\/oberschule\/impressum\/","title":{"rendered":"Impressum"},"content":{"rendered":"\n<div class=\"wp-block-group alignwide\"><div class=\"wp-block-group__inner-container is-layout-flow wp-block-group-is-layout-flow\">\n<p class=\"wp-block-paragraph\">Angaben gem\u00e4\u00df \u00a7 5 TMG:<br>Oberschule Colditz<br>Schulstra\u00dfe 12<br>04680 Colditz<\/p>\n\n\n\n<p class=\"wp-block-paragraph\">Vertreten durch:<br>Die Schulleitung<\/p>\n\n\n\n<p class=\"wp-block-paragraph\">Kontakt:<br>Telefon: 03 43 81 | 43 440<br>Telefax: 03 43 81 | 43 459<br>E-Mail: info@colditz-oberschule.de<\/p>\n\n\n\n<p class=\"wp-block-paragraph\">Streitschlichtung<br>Die Europ\u00e4ische Kommission stellt eine Plattform zur Online-Streitbeilegung (OS) bereit:<br>https:\/\/ec.europa.eu\/consumers\/odr<br>Unsere E-Mail-Adresse finden Sie oben im Impressum.<br>Wir sind nicht bereit oder verpflichtet, an Streitbeilegungsverfahren vor einer<br>Verbraucherschlichtungsstelle teilzunehmen.<\/p>\n\n\n\n<p class=\"wp-block-paragraph\">Haftung f\u00fcr Inhalte<br>Als Diensteanbieter sind wir gem\u00e4\u00df \u00a7 7 Abs.1 TMG f\u00fcr eigene Inhalte auf diesen Seiten nach den<br>allgemeinen Gesetzen verantwortlich. Nach \u00a7\u00a7 8 bis 10 TMG sind wir als Diensteanbieter jedoch nicht<br>verpflichtet, \u00fcbermittelte oder gespeicherte fremde Informationen zu \u00fcberwachen oder nach Umst\u00e4nden<br>zu forschen, die auf eine rechtswidrige T\u00e4tigkeit hinweisen.<br>Verpflichtungen zur Entfernung oder Sperrung der Nutzung von Informationen nach den allgemeinen<br>Gesetzen bleiben hiervon unber\u00fchrt. Eine diesbez\u00fcgliche Haftung ist jedoch erst ab dem Zeitpunkt der<br>Kenntnis einer konkreten Rechtsverletzung m\u00f6glich. Bei Bekanntwerden von entsprechenden<br>Rechtsverletzungen werden wir diese Inhalte umgehend entfernen. Haftung f\u00fcr Links<br>Unser Angebot enth\u00e4lt Links zu externen Websites Dritter, auf deren Inhalte wir keinen Einfluss haben.<br>Deshalb k\u00f6nnen wir f\u00fcr diese fremden Inhalte auch keine Gew\u00e4hr \u00fcbernehmen. F\u00fcr die Inhalte der<br>verlinkten Seiten ist stets der jeweilige Anbieter oder Betreiber der Seiten verantwortlich. Die verlinkten<br>Seiten wurden zum Zeitpunkt der Verlinkung auf m\u00f6gliche Rechtsverst\u00f6\u00dfe \u00fcberpr\u00fcft. Rechtswidrige<br>Inhalte waren zum Zeitpunkt der Verlinkung nicht erkennbar.<br>Eine permanente inhaltliche Kontrolle der verlinkten Seiten ist jedoch ohne konkrete Anhaltspunkte einer<br><\/p>\n<\/div><\/div>\n","protected":false},"excerpt":{"rendered":"<p>Angaben gem\u00e4\u00df \u00a7 5 TMG:Oberschule ColditzSchulstra\u00dfe 1204680 Colditz Vertreten durch:Die Schulleitung Kontakt:Telefon: 03 43 81 | 43 440Telefax: 03 43 81 | 43 459E-Mail: info@colditz-oberschule.de StreitschlichtungDie Europ\u00e4ische Kommission&hellip;<\/p>\n","protected":false},"author":1,"featured_media":0,"parent":0,"menu_order":0,"comment_status":"closed","ping_status":"closed","template":"","meta":{"_crdt_document":"","inline_featured_image":false,"_uag_custom_page_level_css":"","pgc_sgb_lightbox_settings":"","footnotes":""},"class_list":["post-481","page","type-page","status-publish","has-post-thumbnail","hentry"],"yoast_head":"<!-- This site is optimized with the Yoast SEO plugin v27.5 - https:\/\/yoast.com\/product\/yoast-seo-wordpress\/ -->\n<title>Impressum - Oberschule Colditz<\/title>\n<meta name=\"robots\" content=\"index, follow, max-snippet:-1, max-image-preview:large, max-video-preview:-1\" \/>\n<link rel=\"canonical\" href=\"https:\/\/schulen-colditz.de\/oberschule\/impressum\/\" \/>\n<meta property=\"og:locale\" content=\"de_DE\" \/>\n<meta property=\"og:type\" content=\"article\" \/>\n<meta property=\"og:title\" content=\"Impressum - Oberschule Colditz\" \/>\n<meta property=\"og:description\" content=\"Angaben gem\u00e4\u00df \u00a7 5 TMG:Oberschule ColditzSchulstra\u00dfe 1204680 Colditz Vertreten durch:Die Schulleitung Kontakt:Telefon: 03 43 81 | 43 440Telefax: 03 43 81 | 43 459E-Mail: info@colditz-oberschule.de StreitschlichtungDie Europ\u00e4ische Kommission&hellip;\" \/>\n<meta property=\"og:url\" content=\"https:\/\/schulen-colditz.de\/oberschule\/impressum\/\" \/>\n<meta property=\"og:site_name\" content=\"Oberschule Colditz\" \/>\n<meta property=\"article:modified_time\" content=\"2021-12-09T16:10:02+00:00\" \/>\n<meta name=\"twitter:card\" content=\"summary_large_image\" \/>\n<meta name=\"twitter:label1\" content=\"Gesch\u00e4tzte Lesezeit\" \/>\n\t<meta name=\"twitter:data1\" content=\"2\u00a0Minuten\" \/>\n<script type=\"application\/ld+json\" class=\"yoast-schema-graph\">{\"@context\":\"https:\\\/\\\/schema.org\",\"@graph\":[{\"@type\":\"WebPage\",\"@id\":\"https:\\\/\\\/schulen-colditz.de\\\/oberschule\\\/impressum\\\/\",\"url\":\"https:\\\/\\\/schulen-colditz.de\\\/oberschule\\\/impressum\\\/\",\"name\":\"Impressum - Oberschule Colditz\",\"isPartOf\":{\"@id\":\"https:\\\/\\\/schulen-colditz.de\\\/oberschule\\\/#website\"},\"datePublished\":\"2020-02-10T15:41:25+00:00\",\"dateModified\":\"2021-12-09T16:10:02+00:00\",\"breadcrumb\":{\"@id\":\"https:\\\/\\\/schulen-colditz.de\\\/oberschule\\\/impressum\\\/#breadcrumb\"},\"inLanguage\":\"de\",\"potentialAction\":[{\"@type\":\"ReadAction\",\"target\":[\"https:\\\/\\\/schulen-colditz.de\\\/oberschule\\\/impressum\\\/\"]}]},{\"@type\":\"BreadcrumbList\",\"@id\":\"https:\\\/\\\/schulen-colditz.de\\\/oberschule\\\/impressum\\\/#breadcrumb\",\"itemListElement\":[{\"@type\":\"ListItem\",\"position\":1,\"name\":\"Startseite\",\"item\":\"https:\\\/\\\/schulen-colditz.de\\\/oberschule\\\/\"},{\"@type\":\"ListItem\",\"position\":2,\"name\":\"Impressum\"}]},{\"@type\":\"WebSite\",\"@id\":\"https:\\\/\\\/schulen-colditz.de\\\/oberschule\\\/#website\",\"url\":\"https:\\\/\\\/schulen-colditz.de\\\/oberschule\\\/\",\"name\":\"Oberschule Colditz\",\"description\":\"Hier erfahren Sie alles \u00fcber die Ooberschule Colditz\",\"publisher\":{\"@id\":\"https:\\\/\\\/schulen-colditz.de\\\/oberschule\\\/#organization\"},\"potentialAction\":[{\"@type\":\"SearchAction\",\"target\":{\"@type\":\"EntryPoint\",\"urlTemplate\":\"https:\\\/\\\/schulen-colditz.de\\\/oberschule\\\/?s={search_term_string}\"},\"query-input\":{\"@type\":\"PropertyValueSpecification\",\"valueRequired\":true,\"valueName\":\"search_term_string\"}}],\"inLanguage\":\"de\"},{\"@type\":\"Organization\",\"@id\":\"https:\\\/\\\/schulen-colditz.de\\\/oberschule\\\/#organization\",\"name\":\"Oberschule Colditz\",\"url\":\"https:\\\/\\\/schulen-colditz.de\\\/oberschule\\\/\",\"logo\":{\"@type\":\"ImageObject\",\"inLanguage\":\"de\",\"@id\":\"https:\\\/\\\/schulen-colditz.de\\\/oberschule\\\/#\\\/schema\\\/logo\\\/image\\\/\",\"url\":\"https:\\\/\\\/schulen-colditz.de\\\/oberschule\\\/wp-content\\\/uploads\\\/sites\\\/2\\\/2019\\\/08\\\/cropped-logo-oberschule-1.png\",\"contentUrl\":\"https:\\\/\\\/schulen-colditz.de\\\/oberschule\\\/wp-content\\\/uploads\\\/sites\\\/2\\\/2019\\\/08\\\/cropped-logo-oberschule-1.png\",\"width\":6815,\"height\":1405,\"caption\":\"Oberschule Colditz\"},\"image\":{\"@id\":\"https:\\\/\\\/schulen-colditz.de\\\/oberschule\\\/#\\\/schema\\\/logo\\\/image\\\/\"}}]}<\/script>\n<!-- \/ Yoast SEO plugin. -->","yoast_head_json":{"title":"Impressum - Oberschule Colditz","robots":{"index":"index","follow":"follow","max-snippet":"max-snippet:-1","max-image-preview":"max-image-preview:large","max-video-preview":"max-video-preview:-1"},"canonical":"https:\/\/schulen-colditz.de\/oberschule\/impressum\/","og_locale":"de_DE","og_type":"article","og_title":"Impressum - Oberschule Colditz","og_description":"Angaben gem\u00e4\u00df \u00a7 5 TMG:Oberschule ColditzSchulstra\u00dfe 1204680 Colditz Vertreten durch:Die Schulleitung Kontakt:Telefon: 03 43 81 | 43 440Telefax: 03 43 81 | 43 459E-Mail: info@colditz-oberschule.de StreitschlichtungDie Europ\u00e4ische Kommission&hellip;","og_url":"https:\/\/schulen-colditz.de\/oberschule\/impressum\/","og_site_name":"Oberschule Colditz","article_modified_time":"2021-12-09T16:10:02+00:00","twitter_card":"summary_large_image","twitter_misc":{"Gesch\u00e4tzte Lesezeit":"2\u00a0Minuten"},"schema":{"@context":"https:\/\/schema.org","@graph":[{"@type":"WebPage","@id":"https:\/\/schulen-colditz.de\/oberschule\/impressum\/","url":"https:\/\/schulen-colditz.de\/oberschule\/impressum\/","name":"Impressum - Oberschule Colditz","isPartOf":{"@id":"https:\/\/schulen-colditz.de\/oberschule\/#website"},"datePublished":"2020-02-10T15:41:25+00:00","dateModified":"2021-12-09T16:10:02+00:00","breadcrumb":{"@id":"https:\/\/schulen-colditz.de\/oberschule\/impressum\/#breadcrumb"},"inLanguage":"de","potentialAction":[{"@type":"ReadAction","target":["https:\/\/schulen-colditz.de\/oberschule\/impressum\/"]}]},{"@type":"BreadcrumbList","@id":"https:\/\/schulen-colditz.de\/oberschule\/impressum\/#breadcrumb","itemListElement":[{"@type":"ListItem","position":1,"name":"Startseite","item":"https:\/\/schulen-colditz.de\/oberschule\/"},{"@type":"ListItem","position":2,"name":"Impressum"}]},{"@type":"WebSite","@id":"https:\/\/schulen-colditz.de\/oberschule\/#website","url":"https:\/\/schulen-colditz.de\/oberschule\/","name":"Oberschule Colditz","description":"Hier erfahren Sie alles \u00fcber die Ooberschule Colditz","publisher":{"@id":"https:\/\/schulen-colditz.de\/oberschule\/#organization"},"potentialAction":[{"@type":"SearchAction","target":{"@type":"EntryPoint","urlTemplate":"https:\/\/schulen-colditz.de\/oberschule\/?s={search_term_string}"},"query-input":{"@type":"PropertyValueSpecification","valueRequired":true,"valueName":"search_term_string"}}],"inLanguage":"de"},{"@type":"Organization","@id":"https:\/\/schulen-colditz.de\/oberschule\/#organization","name":"Oberschule Colditz","url":"https:\/\/schulen-colditz.de\/oberschule\/","logo":{"@type":"ImageObject","inLanguage":"de","@id":"https:\/\/schulen-colditz.de\/oberschule\/#\/schema\/logo\/image\/","url":"https:\/\/schulen-colditz.de\/oberschule\/wp-content\/uploads\/sites\/2\/2019\/08\/cropped-logo-oberschule-1.png","contentUrl":"https:\/\/schulen-colditz.de\/oberschule\/wp-content\/uploads\/sites\/2\/2019\/08\/cropped-logo-oberschule-1.png","width":6815,"height":1405,"caption":"Oberschule Colditz"},"image":{"@id":"https:\/\/schulen-colditz.de\/oberschule\/#\/schema\/logo\/image\/"}}]}},"uagb_featured_image_src":{"full":false,"thumbnail":false,"medium":false,"medium_large":false,"large":false,"1536x1536":false,"2048x2048":false,"post-thumbnail":false,"chaplin_preview_image_low_resolution":false,"chaplin_preview_image_high_resolution":false,"chaplin_fullscreen":false,"400x250-crop":false},"uagb_author_info":{"display_name":"knick","author_link":"https:\/\/schulen-colditz.de\/oberschule\/author\/knick\/"},"uagb_comment_info":0,"uagb_excerpt":"Angaben gem\u00e4\u00df \u00a7 5 TMG:Oberschule ColditzSchulstra\u00dfe 1204680 Colditz Vertreten durch:Die Schulleitung Kontakt:Telefon: 03 43 81 | 43 440Telefax: 03 43 81 | 43 459E-Mail: info@colditz-oberschule.de StreitschlichtungDie Europ\u00e4ische Kommission&hellip;","_links":{"self":[{"href":"https:\/\/schulen-colditz.de\/oberschule\/wp-json\/wp\/v2\/pages\/481","targetHints":{"allow":["GET"]}}],"collection":[{"href":"https:\/\/schulen-colditz.de\/oberschule\/wp-json\/wp\/v2\/pages"}],"about":[{"href":"https:\/\/schulen-colditz.de\/oberschule\/wp-json\/wp\/v2\/types\/page"}],"author":[{"embeddable":true,"href":"https:\/\/schulen-colditz.de\/oberschule\/wp-json\/wp\/v2\/users\/1"}],"replies":[{"embeddable":true,"href":"https:\/\/schulen-colditz.de\/oberschule\/wp-json\/wp\/v2\/comments?post=481"}],"version-history":[{"count":0,"href":"https:\/\/schulen-colditz.de\/oberschule\/wp-json\/wp\/v2\/pages\/481\/revisions"}],"wp:attachment":[{"href":"https:\/\/schulen-colditz.de\/oberschule\/wp-json\/wp\/v2\/media?parent=481"}],"curies":[{"name":"wp","href":"https:\/\/api.w.org\/{rel}","templated":true}]}}