{"id":209,"date":"2020-06-15T13:32:11","date_gmt":"2020-06-15T11:32:11","guid":{"rendered":"https:\/\/schulen-colditz.de\/grundschulehausdorf\/?page_id=209"},"modified":"2024-01-15T15:31:10","modified_gmt":"2024-01-15T14:31:10","slug":"kalender","status":"publish","type":"page","link":"https:\/\/schulen-colditz.de\/grundschulehausdorf\/kalender\/","title":{"rendered":"Termine"},"content":{"rendered":"<div class=\"gb-container gb-container-182deec7 alignwide\"><div class=\"gb-inside-container\">\n\n<iframe loading=\"lazy\" frameborder=\"0\" height=\"500px\" width=\"100%\" src=\"https:\/\/kalender.digital\/b66400ec69877287ad3a?iframe=true\"><\/iframe>\n\n\n\n<h3>Kalender.digital<\/h3>\n\n<p>Unsere Webseite verwendet die Online Kalender Anwendung <a href=\"https:\/\/kalender.digital\" target=\"_blank\" rel=\"noopener\">Kalender.digital<\/a>, um Sie \u00fcber unsere anstehenden Termine zu informieren.<\/p>\n\n<p>Bei der Nutzung von Kalender.digital werden Informationen \u00fcber die Nutzung unserer Internetseite einschlie\u00dflich Ihrer anonymisierten IP-Adresse und die von Ihnen bei Kalender.digital eingegeben Daten auf dem Kalender.digital Server gespeichert.<\/p>\n\n<p>Sie k\u00f6nnen eine solche Daten\u00fcbertragung jedoch verhindern, wenn Sie in Ihrem Browser &#8222;Javascript&#8220; deaktivieren. In dem Falle k\u00f6nnen jedoch keine Termine angezeigt werden.<\/p>\n\n<p>Weitere Informationen dar\u00fcber wie Kalender.digital Ihre Daten verwendet finden Sie unter: <a href=\"https:\/\/kalender.digital\/c\/privacy\" target=\"_blank\" rel=\"noopener\">https:\/\/kalender.digital\/c\/privacy<\/a><\/p>\n\n<p>Rechtsgrundlage ist Artikel 6 Absatz 1 Satz 1 f) Datenschutzgrundverordnung, denn die Verarbeitung der Daten dient der Wahrung unseres berechtigten Interesses an der Verbesserung der Nutzererfahrung sowie der Bewerbung und Darstellung unserer Leistungen.<\/p>\n\n<\/div><\/div>","protected":false},"excerpt":{"rendered":"<p>Kalender.digital Unsere Webseite verwendet die Online Kalender Anwendung Kalender.digital, um Sie \u00fcber unsere anstehenden Termine zu informieren. Bei der Nutzung von Kalender.digital werden Informationen \u00fcber die Nutzung unserer&hellip;<\/p>\n","protected":false},"author":1,"featured_media":0,"parent":0,"menu_order":0,"comment_status":"closed","ping_status":"closed","template":"","meta":{"_crdt_document":"","inline_featured_image":false,"_uag_custom_page_level_css":"","pgc_sgb_lightbox_settings":"","footnotes":""},"class_list":["post-209","page","type-page","status-publish","has-post-thumbnail","hentry"],"yoast_head":"<!-- This site is optimized with the Yoast SEO plugin v27.4 - https:\/\/yoast.com\/product\/yoast-seo-wordpress\/ -->\n<title>Termine - Grundschule Hausdorf<\/title>\n<meta name=\"robots\" content=\"index, follow, max-snippet:-1, max-image-preview:large, max-video-preview:-1\" \/>\n<link rel=\"canonical\" href=\"https:\/\/schulen-colditz.de\/grundschulehausdorf\/kalender\/\" \/>\n<meta property=\"og:locale\" content=\"de_DE\" \/>\n<meta property=\"og:type\" content=\"article\" \/>\n<meta property=\"og:title\" content=\"Termine - Grundschule Hausdorf\" \/>\n<meta property=\"og:description\" content=\"Kalender.digital Unsere Webseite verwendet die Online Kalender Anwendung Kalender.digital, um Sie \u00fcber unsere anstehenden Termine zu informieren. Bei der Nutzung von Kalender.digital werden Informationen \u00fcber die Nutzung unserer&hellip;\" \/>\n<meta property=\"og:url\" content=\"https:\/\/schulen-colditz.de\/grundschulehausdorf\/kalender\/\" \/>\n<meta property=\"og:site_name\" content=\"Grundschule Hausdorf\" \/>\n<meta property=\"article:modified_time\" content=\"2024-01-15T14:31:10+00:00\" \/>\n<meta name=\"twitter:card\" content=\"summary_large_image\" \/>\n<meta name=\"twitter:label1\" content=\"Gesch\u00e4tzte Lesezeit\" \/>\n\t<meta name=\"twitter:data1\" content=\"1\u00a0Minute\" \/>\n<script type=\"application\/ld+json\" class=\"yoast-schema-graph\">{\"@context\":\"https:\\\/\\\/schema.org\",\"@graph\":[{\"@type\":\"WebPage\",\"@id\":\"https:\\\/\\\/schulen-colditz.de\\\/grundschulehausdorf\\\/kalender\\\/\",\"url\":\"https:\\\/\\\/schulen-colditz.de\\\/grundschulehausdorf\\\/kalender\\\/\",\"name\":\"Termine - Grundschule Hausdorf\",\"isPartOf\":{\"@id\":\"https:\\\/\\\/schulen-colditz.de\\\/grundschulehausdorf\\\/#website\"},\"datePublished\":\"2020-06-15T11:32:11+00:00\",\"dateModified\":\"2024-01-15T14:31:10+00:00\",\"breadcrumb\":{\"@id\":\"https:\\\/\\\/schulen-colditz.de\\\/grundschulehausdorf\\\/kalender\\\/#breadcrumb\"},\"inLanguage\":\"de\",\"potentialAction\":[{\"@type\":\"ReadAction\",\"target\":[\"https:\\\/\\\/schulen-colditz.de\\\/grundschulehausdorf\\\/kalender\\\/\"]}]},{\"@type\":\"BreadcrumbList\",\"@id\":\"https:\\\/\\\/schulen-colditz.de\\\/grundschulehausdorf\\\/kalender\\\/#breadcrumb\",\"itemListElement\":[{\"@type\":\"ListItem\",\"position\":1,\"name\":\"Startseite\",\"item\":\"https:\\\/\\\/schulen-colditz.de\\\/grundschulehausdorf\\\/\"},{\"@type\":\"ListItem\",\"position\":2,\"name\":\"Termine\"}]},{\"@type\":\"WebSite\",\"@id\":\"https:\\\/\\\/schulen-colditz.de\\\/grundschulehausdorf\\\/#website\",\"url\":\"https:\\\/\\\/schulen-colditz.de\\\/grundschulehausdorf\\\/\",\"name\":\"Grundschule Hausdorf\",\"description\":\"Hier erfahren Sie alles \u00fcber die Grundschule Hausdorf\",\"publisher\":{\"@id\":\"https:\\\/\\\/schulen-colditz.de\\\/grundschulehausdorf\\\/#organization\"},\"potentialAction\":[{\"@type\":\"SearchAction\",\"target\":{\"@type\":\"EntryPoint\",\"urlTemplate\":\"https:\\\/\\\/schulen-colditz.de\\\/grundschulehausdorf\\\/?s={search_term_string}\"},\"query-input\":{\"@type\":\"PropertyValueSpecification\",\"valueRequired\":true,\"valueName\":\"search_term_string\"}}],\"inLanguage\":\"de\"},{\"@type\":\"Organization\",\"@id\":\"https:\\\/\\\/schulen-colditz.de\\\/grundschulehausdorf\\\/#organization\",\"name\":\"Grundschule Hausdorf\",\"url\":\"https:\\\/\\\/schulen-colditz.de\\\/grundschulehausdorf\\\/\",\"logo\":{\"@type\":\"ImageObject\",\"inLanguage\":\"de\",\"@id\":\"https:\\\/\\\/schulen-colditz.de\\\/grundschulehausdorf\\\/#\\\/schema\\\/logo\\\/image\\\/\",\"url\":\"https:\\\/\\\/schulen-colditz.de\\\/grundschulehausdorf\\\/wp-content\\\/uploads\\\/sites\\\/4\\\/2019\\\/08\\\/cropped-logo-hausdorf.png\",\"contentUrl\":\"https:\\\/\\\/schulen-colditz.de\\\/grundschulehausdorf\\\/wp-content\\\/uploads\\\/sites\\\/4\\\/2019\\\/08\\\/cropped-logo-hausdorf.png\",\"width\":6815,\"height\":1405,\"caption\":\"Grundschule Hausdorf\"},\"image\":{\"@id\":\"https:\\\/\\\/schulen-colditz.de\\\/grundschulehausdorf\\\/#\\\/schema\\\/logo\\\/image\\\/\"}}]}<\/script>\n<!-- \/ Yoast SEO plugin. -->","yoast_head_json":{"title":"Termine - Grundschule Hausdorf","robots":{"index":"index","follow":"follow","max-snippet":"max-snippet:-1","max-image-preview":"max-image-preview:large","max-video-preview":"max-video-preview:-1"},"canonical":"https:\/\/schulen-colditz.de\/grundschulehausdorf\/kalender\/","og_locale":"de_DE","og_type":"article","og_title":"Termine - Grundschule Hausdorf","og_description":"Kalender.digital Unsere Webseite verwendet die Online Kalender Anwendung Kalender.digital, um Sie \u00fcber unsere anstehenden Termine zu informieren. Bei der Nutzung von Kalender.digital werden Informationen \u00fcber die Nutzung unserer&hellip;","og_url":"https:\/\/schulen-colditz.de\/grundschulehausdorf\/kalender\/","og_site_name":"Grundschule Hausdorf","article_modified_time":"2024-01-15T14:31:10+00:00","twitter_card":"summary_large_image","twitter_misc":{"Gesch\u00e4tzte Lesezeit":"1\u00a0Minute"},"schema":{"@context":"https:\/\/schema.org","@graph":[{"@type":"WebPage","@id":"https:\/\/schulen-colditz.de\/grundschulehausdorf\/kalender\/","url":"https:\/\/schulen-colditz.de\/grundschulehausdorf\/kalender\/","name":"Termine - Grundschule Hausdorf","isPartOf":{"@id":"https:\/\/schulen-colditz.de\/grundschulehausdorf\/#website"},"datePublished":"2020-06-15T11:32:11+00:00","dateModified":"2024-01-15T14:31:10+00:00","breadcrumb":{"@id":"https:\/\/schulen-colditz.de\/grundschulehausdorf\/kalender\/#breadcrumb"},"inLanguage":"de","potentialAction":[{"@type":"ReadAction","target":["https:\/\/schulen-colditz.de\/grundschulehausdorf\/kalender\/"]}]},{"@type":"BreadcrumbList","@id":"https:\/\/schulen-colditz.de\/grundschulehausdorf\/kalender\/#breadcrumb","itemListElement":[{"@type":"ListItem","position":1,"name":"Startseite","item":"https:\/\/schulen-colditz.de\/grundschulehausdorf\/"},{"@type":"ListItem","position":2,"name":"Termine"}]},{"@type":"WebSite","@id":"https:\/\/schulen-colditz.de\/grundschulehausdorf\/#website","url":"https:\/\/schulen-colditz.de\/grundschulehausdorf\/","name":"Grundschule Hausdorf","description":"Hier erfahren Sie alles \u00fcber die Grundschule Hausdorf","publisher":{"@id":"https:\/\/schulen-colditz.de\/grundschulehausdorf\/#organization"},"potentialAction":[{"@type":"SearchAction","target":{"@type":"EntryPoint","urlTemplate":"https:\/\/schulen-colditz.de\/grundschulehausdorf\/?s={search_term_string}"},"query-input":{"@type":"PropertyValueSpecification","valueRequired":true,"valueName":"search_term_string"}}],"inLanguage":"de"},{"@type":"Organization","@id":"https:\/\/schulen-colditz.de\/grundschulehausdorf\/#organization","name":"Grundschule Hausdorf","url":"https:\/\/schulen-colditz.de\/grundschulehausdorf\/","logo":{"@type":"ImageObject","inLanguage":"de","@id":"https:\/\/schulen-colditz.de\/grundschulehausdorf\/#\/schema\/logo\/image\/","url":"https:\/\/schulen-colditz.de\/grundschulehausdorf\/wp-content\/uploads\/sites\/4\/2019\/08\/cropped-logo-hausdorf.png","contentUrl":"https:\/\/schulen-colditz.de\/grundschulehausdorf\/wp-content\/uploads\/sites\/4\/2019\/08\/cropped-logo-hausdorf.png","width":6815,"height":1405,"caption":"Grundschule Hausdorf"},"image":{"@id":"https:\/\/schulen-colditz.de\/grundschulehausdorf\/#\/schema\/logo\/image\/"}}]}},"uagb_featured_image_src":{"full":false,"thumbnail":false,"medium":false,"medium_large":false,"large":false,"1536x1536":false,"2048x2048":false,"post-thumbnail":false,"chaplin_preview_image_low_resolution":false,"chaplin_preview_image_high_resolution":false,"chaplin_fullscreen":false,"400x250-crop":false},"uagb_author_info":{"display_name":"knick","author_link":"https:\/\/schulen-colditz.de\/grundschulehausdorf\/author\/knick\/"},"uagb_comment_info":0,"uagb_excerpt":"Kalender.digital Unsere Webseite verwendet die Online Kalender Anwendung Kalender.digital, um Sie \u00fcber unsere anstehenden Termine zu informieren. Bei der Nutzung von Kalender.digital werden Informationen \u00fcber die Nutzung unserer&hellip;","_links":{"self":[{"href":"https:\/\/schulen-colditz.de\/grundschulehausdorf\/wp-json\/wp\/v2\/pages\/209","targetHints":{"allow":["GET"]}}],"collection":[{"href":"https:\/\/schulen-colditz.de\/grundschulehausdorf\/wp-json\/wp\/v2\/pages"}],"about":[{"href":"https:\/\/schulen-colditz.de\/grundschulehausdorf\/wp-json\/wp\/v2\/types\/page"}],"author":[{"embeddable":true,"href":"https:\/\/schulen-colditz.de\/grundschulehausdorf\/wp-json\/wp\/v2\/users\/1"}],"replies":[{"embeddable":true,"href":"https:\/\/schulen-colditz.de\/grundschulehausdorf\/wp-json\/wp\/v2\/comments?post=209"}],"version-history":[{"count":0,"href":"https:\/\/schulen-colditz.de\/grundschulehausdorf\/wp-json\/wp\/v2\/pages\/209\/revisions"}],"wp:attachment":[{"href":"https:\/\/schulen-colditz.de\/grundschulehausdorf\/wp-json\/wp\/v2\/media?parent=209"}],"curies":[{"name":"wp","href":"https:\/\/api.w.org\/{rel}","templated":true}]}}