{"id":14,"date":"2019-08-22T15:02:18","date_gmt":"2019-08-22T13:02:18","guid":{"rendered":"https:\/\/schulen-colditz.de\/grundschulehausdorf\/?page_id=14"},"modified":"2025-09-03T12:13:10","modified_gmt":"2025-09-03T10:13:10","slug":"start","status":"publish","type":"page","link":"https:\/\/schulen-colditz.de\/grundschulehausdorf\/","title":{"rendered":"Startseite"},"content":{"rendered":"\n<figure class=\"wp-block-video alignfull videoStart\"><video height=\"1080\" style=\"aspect-ratio: 1920 \/ 1080;\" width=\"1920\" autoplay loop muted src=\"https:\/\/schulen-colditz.de\/grundschulehausdorf\/wp-content\/uploads\/sites\/4\/2020\/02\/grundschule_hausdorf_02_hq.mp4\"><\/video><\/figure>\n\n\n\n<div class=\"wp-block-columns alignwide has-2-columns is-layout-flex wp-container-core-columns-is-layout-8f761849 wp-block-columns-is-layout-flex\">\n<div class=\"wp-block-column is-vertically-aligned-center is-layout-flow wp-block-column-is-layout-flow\">\n<h1 class=\"wp-block-heading\" id=\"herzlich-willkommen-in-der-grundschule-hausdorf\">Herzlich willkommen in der Grundschule Hausdorf<\/h1>\n<\/div>\n\n\n\n<div class=\"wp-block-column is-layout-flow wp-block-column-is-layout-flow\">\n<p class=\"wp-block-paragraph\">Die Geschichte der Grundschule Hausdorf reicht \u00fcber 140 Jahre zur\u00fcck, das Geb\u00e4ude wurde bereits im Jahr 1879 errichtet. Aktuell lernen hier 112 M\u00e4dchen und Jungen. Unsere Schule wird zum Teil zweiz\u00fcgig gef\u00fchrt; Klasse 1a + 1b= 28 Kinder, Klasse 2 = 27 Kinder, Klasse 3 = 25 Kinder, Klasse 4a+4b = 32 Kinder, sodass wir unseren Sch\u00fclerinnen optimale Lernbedingungen und den Lehrerinnen wie ReferendarInnen ein gutes Arbeitsumfeld bieten k\u00f6nnen.<\/p>\n\n\n\n<p class=\"wp-block-paragraph\">Auf unserer Website finden Sie aktuelle und wichtige Informationen zum Schulleben. Zudem gew\u00e4hren wir Ihnen einen kleinen Einblick in unseren Alltag an der Grundschule Hausdorf.<\/p>\n<\/div>\n<\/div>\n\n\n\n<hr class=\"wp-block-separator has-css-opacity divider is-style-wide\"\/>\n\n\n\n<h2 class=\"wp-block-heading alignwide has-text-align-center\" id=\"was-gibt-s-neues\">Was gibt&#8217;s Neues?<\/h2>\n\n\n<ul class=\"wp-block-latest-posts__list is-grid columns-2 has-dates alignwide wp-block-latest-posts\"><li><div class=\"wp-block-latest-posts__featured-image aligncenter\"><img loading=\"lazy\" decoding=\"async\" width=\"580\" height=\"773\" src=\"https:\/\/schulen-colditz.de\/grundschulehausdorf\/wp-content\/uploads\/sites\/4\/2026\/05\/WhatsApp-Image-2026-04-27-at-14.22.23-768x1024-1.jpeg\" class=\"attachment-large size-large wp-post-image\" alt=\"\" style=\"max-width:520px;max-height:347px;\" srcset=\"https:\/\/schulen-colditz.de\/grundschulehausdorf\/wp-content\/uploads\/sites\/4\/2026\/05\/WhatsApp-Image-2026-04-27-at-14.22.23-768x1024-1.jpeg 768w, https:\/\/schulen-colditz.de\/grundschulehausdorf\/wp-content\/uploads\/sites\/4\/2026\/05\/WhatsApp-Image-2026-04-27-at-14.22.23-225x300.jpeg 225w, https:\/\/schulen-colditz.de\/grundschulehausdorf\/wp-content\/uploads\/sites\/4\/2026\/05\/WhatsApp-Image-2026-04-27-at-14.22.23-1152x1536.jpeg 1152w, https:\/\/schulen-colditz.de\/grundschulehausdorf\/wp-content\/uploads\/sites\/4\/2026\/05\/WhatsApp-Image-2026-04-27-at-14.22.23-540x720.jpeg 540w, https:\/\/schulen-colditz.de\/grundschulehausdorf\/wp-content\/uploads\/sites\/4\/2026\/05\/WhatsApp-Image-2026-04-27-at-14.22.23-1080x1440.jpeg 1080w, https:\/\/schulen-colditz.de\/grundschulehausdorf\/wp-content\/uploads\/sites\/4\/2026\/05\/WhatsApp-Image-2026-04-27-at-14.22.23.jpeg 1200w\" sizes=\"auto, (max-width: 580px) 100vw, 580px\" \/><\/div><a class=\"wp-block-latest-posts__post-title\" href=\"https:\/\/schulen-colditz.de\/grundschulehausdorf\/gemeinsam-stark-hort-und-schulsozialarbeit-hausdorf-beim-schoenbacher-strassenlauf\/\">Gemeinsam stark: Hort und Schulsozialarbeit Hausdorf beim Sch\u00f6nbacher Stra\u00dfenlauf<\/a><time datetime=\"2026-05-06T07:36:59+02:00\" class=\"wp-block-latest-posts__post-date\">6. Mai 2026<\/time><div class=\"wp-block-latest-posts__post-excerpt\">Am Sonntag, 26. April 2026, war es wieder soweit: 34&hellip;<\/div><\/li>\n<li><div class=\"wp-block-latest-posts__featured-image aligncenter\"><img loading=\"lazy\" decoding=\"async\" width=\"580\" height=\"680\" src=\"https:\/\/schulen-colditz.de\/grundschulehausdorf\/wp-content\/uploads\/sites\/4\/2026\/04\/a.jpg\" class=\"attachment-large size-large wp-post-image\" alt=\"\" style=\"max-width:520px;max-height:347px;\" srcset=\"https:\/\/schulen-colditz.de\/grundschulehausdorf\/wp-content\/uploads\/sites\/4\/2026\/04\/a.jpg 673w, https:\/\/schulen-colditz.de\/grundschulehausdorf\/wp-content\/uploads\/sites\/4\/2026\/04\/a-256x300.jpeg 256w, https:\/\/schulen-colditz.de\/grundschulehausdorf\/wp-content\/uploads\/sites\/4\/2026\/04\/a-540x633.jpeg 540w\" sizes=\"auto, (max-width: 580px) 100vw, 580px\" \/><\/div><a class=\"wp-block-latest-posts__post-title\" href=\"https:\/\/schulen-colditz.de\/grundschulehausdorf\/blitz-for-kids-am-24-04-2026\/\">Blitz for Kids am 24.04.2026<\/a><time datetime=\"2026-04-29T10:34:13+02:00\" class=\"wp-block-latest-posts__post-date\">29. April 2026<\/time><div class=\"wp-block-latest-posts__post-excerpt\">Liam und Vincent w\u00fcrden am liebsten, die 4. Klasse wiederholen,&hellip;<\/div><\/li>\n<\/ul>","protected":false},"excerpt":{"rendered":"<p>Herzlich willkommen in der Grundschule Hausdorf Die Geschichte der Grundschule Hausdorf reicht \u00fcber 140 Jahre zur\u00fcck, das Geb\u00e4ude wurde bereits im Jahr 1879 errichtet. Aktuell lernen hier 112&hellip;<\/p>\n","protected":false},"author":1,"featured_media":0,"parent":0,"menu_order":0,"comment_status":"closed","ping_status":"closed","template":"","meta":{"_crdt_document":"","inline_featured_image":false,"_uag_custom_page_level_css":"","pgc_sgb_lightbox_settings":"","footnotes":""},"class_list":["post-14","page","type-page","status-publish","has-post-thumbnail","hentry"],"yoast_head":"<!-- This site is optimized with the Yoast SEO plugin v27.5 - https:\/\/yoast.com\/product\/yoast-seo-wordpress\/ -->\n<title>Startseite - Grundschule Hausdorf<\/title>\n<meta name=\"robots\" content=\"index, follow, max-snippet:-1, max-image-preview:large, max-video-preview:-1\" \/>\n<link rel=\"canonical\" href=\"https:\/\/schulen-colditz.de\/grundschulehausdorf\/\" \/>\n<meta property=\"og:locale\" content=\"de_DE\" \/>\n<meta property=\"og:type\" content=\"article\" \/>\n<meta property=\"og:title\" content=\"Startseite - Grundschule Hausdorf\" \/>\n<meta property=\"og:description\" content=\"Herzlich willkommen in der Grundschule Hausdorf Die Geschichte der Grundschule Hausdorf reicht \u00fcber 140 Jahre zur\u00fcck, das Geb\u00e4ude wurde bereits im Jahr 1879 errichtet. Aktuell lernen hier 112&hellip;\" \/>\n<meta property=\"og:url\" content=\"https:\/\/schulen-colditz.de\/grundschulehausdorf\/\" \/>\n<meta property=\"og:site_name\" content=\"Grundschule Hausdorf\" \/>\n<meta property=\"article:modified_time\" content=\"2025-09-03T10:13:10+00:00\" \/>\n<meta name=\"twitter:card\" content=\"summary_large_image\" \/>\n<meta name=\"twitter:label1\" content=\"Gesch\u00e4tzte Lesezeit\" \/>\n\t<meta name=\"twitter:data1\" content=\"1\u00a0Minute\" \/>\n<script type=\"application\/ld+json\" class=\"yoast-schema-graph\">{\"@context\":\"https:\\\/\\\/schema.org\",\"@graph\":[{\"@type\":\"WebPage\",\"@id\":\"https:\\\/\\\/schulen-colditz.de\\\/grundschulehausdorf\\\/\",\"url\":\"https:\\\/\\\/schulen-colditz.de\\\/grundschulehausdorf\\\/\",\"name\":\"Startseite - Grundschule Hausdorf\",\"isPartOf\":{\"@id\":\"https:\\\/\\\/schulen-colditz.de\\\/grundschulehausdorf\\\/#website\"},\"datePublished\":\"2019-08-22T13:02:18+00:00\",\"dateModified\":\"2025-09-03T10:13:10+00:00\",\"breadcrumb\":{\"@id\":\"https:\\\/\\\/schulen-colditz.de\\\/grundschulehausdorf\\\/#breadcrumb\"},\"inLanguage\":\"de\",\"potentialAction\":[{\"@type\":\"ReadAction\",\"target\":[\"https:\\\/\\\/schulen-colditz.de\\\/grundschulehausdorf\\\/\"]}]},{\"@type\":\"BreadcrumbList\",\"@id\":\"https:\\\/\\\/schulen-colditz.de\\\/grundschulehausdorf\\\/#breadcrumb\",\"itemListElement\":[{\"@type\":\"ListItem\",\"position\":1,\"name\":\"Startseite\",\"item\":\"https:\\\/\\\/schulen-colditz.de\\\/grundschulehausdorf\\\/\"},{\"@type\":\"ListItem\",\"position\":2,\"name\":\"Startseite\"}]},{\"@type\":\"WebSite\",\"@id\":\"https:\\\/\\\/schulen-colditz.de\\\/grundschulehausdorf\\\/#website\",\"url\":\"https:\\\/\\\/schulen-colditz.de\\\/grundschulehausdorf\\\/\",\"name\":\"Grundschule Hausdorf\",\"description\":\"Hier erfahren Sie alles \u00fcber die Grundschule Hausdorf\",\"publisher\":{\"@id\":\"https:\\\/\\\/schulen-colditz.de\\\/grundschulehausdorf\\\/#organization\"},\"potentialAction\":[{\"@type\":\"SearchAction\",\"target\":{\"@type\":\"EntryPoint\",\"urlTemplate\":\"https:\\\/\\\/schulen-colditz.de\\\/grundschulehausdorf\\\/?s={search_term_string}\"},\"query-input\":{\"@type\":\"PropertyValueSpecification\",\"valueRequired\":true,\"valueName\":\"search_term_string\"}}],\"inLanguage\":\"de\"},{\"@type\":\"Organization\",\"@id\":\"https:\\\/\\\/schulen-colditz.de\\\/grundschulehausdorf\\\/#organization\",\"name\":\"Grundschule Hausdorf\",\"url\":\"https:\\\/\\\/schulen-colditz.de\\\/grundschulehausdorf\\\/\",\"logo\":{\"@type\":\"ImageObject\",\"inLanguage\":\"de\",\"@id\":\"https:\\\/\\\/schulen-colditz.de\\\/grundschulehausdorf\\\/#\\\/schema\\\/logo\\\/image\\\/\",\"url\":\"https:\\\/\\\/schulen-colditz.de\\\/grundschulehausdorf\\\/wp-content\\\/uploads\\\/sites\\\/4\\\/2019\\\/08\\\/cropped-logo-hausdorf.png\",\"contentUrl\":\"https:\\\/\\\/schulen-colditz.de\\\/grundschulehausdorf\\\/wp-content\\\/uploads\\\/sites\\\/4\\\/2019\\\/08\\\/cropped-logo-hausdorf.png\",\"width\":6815,\"height\":1405,\"caption\":\"Grundschule Hausdorf\"},\"image\":{\"@id\":\"https:\\\/\\\/schulen-colditz.de\\\/grundschulehausdorf\\\/#\\\/schema\\\/logo\\\/image\\\/\"}}]}<\/script>\n<!-- \/ Yoast SEO plugin. -->","yoast_head_json":{"title":"Startseite - Grundschule Hausdorf","robots":{"index":"index","follow":"follow","max-snippet":"max-snippet:-1","max-image-preview":"max-image-preview:large","max-video-preview":"max-video-preview:-1"},"canonical":"https:\/\/schulen-colditz.de\/grundschulehausdorf\/","og_locale":"de_DE","og_type":"article","og_title":"Startseite - Grundschule Hausdorf","og_description":"Herzlich willkommen in der Grundschule Hausdorf Die Geschichte der Grundschule Hausdorf reicht \u00fcber 140 Jahre zur\u00fcck, das Geb\u00e4ude wurde bereits im Jahr 1879 errichtet. Aktuell lernen hier 112&hellip;","og_url":"https:\/\/schulen-colditz.de\/grundschulehausdorf\/","og_site_name":"Grundschule Hausdorf","article_modified_time":"2025-09-03T10:13:10+00:00","twitter_card":"summary_large_image","twitter_misc":{"Gesch\u00e4tzte Lesezeit":"1\u00a0Minute"},"schema":{"@context":"https:\/\/schema.org","@graph":[{"@type":"WebPage","@id":"https:\/\/schulen-colditz.de\/grundschulehausdorf\/","url":"https:\/\/schulen-colditz.de\/grundschulehausdorf\/","name":"Startseite - Grundschule Hausdorf","isPartOf":{"@id":"https:\/\/schulen-colditz.de\/grundschulehausdorf\/#website"},"datePublished":"2019-08-22T13:02:18+00:00","dateModified":"2025-09-03T10:13:10+00:00","breadcrumb":{"@id":"https:\/\/schulen-colditz.de\/grundschulehausdorf\/#breadcrumb"},"inLanguage":"de","potentialAction":[{"@type":"ReadAction","target":["https:\/\/schulen-colditz.de\/grundschulehausdorf\/"]}]},{"@type":"BreadcrumbList","@id":"https:\/\/schulen-colditz.de\/grundschulehausdorf\/#breadcrumb","itemListElement":[{"@type":"ListItem","position":1,"name":"Startseite","item":"https:\/\/schulen-colditz.de\/grundschulehausdorf\/"},{"@type":"ListItem","position":2,"name":"Startseite"}]},{"@type":"WebSite","@id":"https:\/\/schulen-colditz.de\/grundschulehausdorf\/#website","url":"https:\/\/schulen-colditz.de\/grundschulehausdorf\/","name":"Grundschule Hausdorf","description":"Hier erfahren Sie alles \u00fcber die Grundschule Hausdorf","publisher":{"@id":"https:\/\/schulen-colditz.de\/grundschulehausdorf\/#organization"},"potentialAction":[{"@type":"SearchAction","target":{"@type":"EntryPoint","urlTemplate":"https:\/\/schulen-colditz.de\/grundschulehausdorf\/?s={search_term_string}"},"query-input":{"@type":"PropertyValueSpecification","valueRequired":true,"valueName":"search_term_string"}}],"inLanguage":"de"},{"@type":"Organization","@id":"https:\/\/schulen-colditz.de\/grundschulehausdorf\/#organization","name":"Grundschule Hausdorf","url":"https:\/\/schulen-colditz.de\/grundschulehausdorf\/","logo":{"@type":"ImageObject","inLanguage":"de","@id":"https:\/\/schulen-colditz.de\/grundschulehausdorf\/#\/schema\/logo\/image\/","url":"https:\/\/schulen-colditz.de\/grundschulehausdorf\/wp-content\/uploads\/sites\/4\/2019\/08\/cropped-logo-hausdorf.png","contentUrl":"https:\/\/schulen-colditz.de\/grundschulehausdorf\/wp-content\/uploads\/sites\/4\/2019\/08\/cropped-logo-hausdorf.png","width":6815,"height":1405,"caption":"Grundschule Hausdorf"},"image":{"@id":"https:\/\/schulen-colditz.de\/grundschulehausdorf\/#\/schema\/logo\/image\/"}}]}},"uagb_featured_image_src":{"full":false,"thumbnail":false,"medium":false,"medium_large":false,"large":false,"1536x1536":false,"2048x2048":false,"post-thumbnail":false,"chaplin_preview_image_low_resolution":false,"chaplin_preview_image_high_resolution":false,"chaplin_fullscreen":false,"400x250-crop":false},"uagb_author_info":{"display_name":"knick","author_link":"https:\/\/schulen-colditz.de\/grundschulehausdorf\/author\/knick\/"},"uagb_comment_info":0,"uagb_excerpt":"Herzlich willkommen in der Grundschule Hausdorf Die Geschichte der Grundschule Hausdorf reicht \u00fcber 140 Jahre zur\u00fcck, das Geb\u00e4ude wurde bereits im Jahr 1879 errichtet. Aktuell lernen hier 112&hellip;","_links":{"self":[{"href":"https:\/\/schulen-colditz.de\/grundschulehausdorf\/wp-json\/wp\/v2\/pages\/14","targetHints":{"allow":["GET"]}}],"collection":[{"href":"https:\/\/schulen-colditz.de\/grundschulehausdorf\/wp-json\/wp\/v2\/pages"}],"about":[{"href":"https:\/\/schulen-colditz.de\/grundschulehausdorf\/wp-json\/wp\/v2\/types\/page"}],"author":[{"embeddable":true,"href":"https:\/\/schulen-colditz.de\/grundschulehausdorf\/wp-json\/wp\/v2\/users\/1"}],"replies":[{"embeddable":true,"href":"https:\/\/schulen-colditz.de\/grundschulehausdorf\/wp-json\/wp\/v2\/comments?post=14"}],"version-history":[{"count":0,"href":"https:\/\/schulen-colditz.de\/grundschulehausdorf\/wp-json\/wp\/v2\/pages\/14\/revisions"}],"wp:attachment":[{"href":"https:\/\/schulen-colditz.de\/grundschulehausdorf\/wp-json\/wp\/v2\/media?parent=14"}],"curies":[{"name":"wp","href":"https:\/\/api.w.org\/{rel}","templated":true}]}}