{"id":1049,"date":"2024-02-10T09:37:45","date_gmt":"2024-02-10T08:37:45","guid":{"rendered":"https:\/\/schulen-colditz.de\/grundschulehausdorf\/?page_id=1049"},"modified":"2025-03-14T10:29:25","modified_gmt":"2025-03-14T09:29:25","slug":"schulsozialarbeit","status":"publish","type":"page","link":"https:\/\/schulen-colditz.de\/grundschulehausdorf\/schulsozialarbeit\/","title":{"rendered":"Schulsozialarbeit"},"content":{"rendered":"\n<div class=\"wp-block-uagb-container uagb-block-f65bfe24 alignfull uagb-is-root-container\"><div class=\"uagb-container-inner-blocks-wrap\">\n<figure class=\"wp-block-gallery has-nested-images columns-3 is-cropped wp-block-gallery-1 is-layout-flex wp-block-gallery-is-layout-flex\">\n<figure class=\"wp-block-image size-large\"><img loading=\"lazy\" decoding=\"async\" width=\"1024\" height=\"768\" data-id=\"1114\" src=\"https:\/\/schulen-colditz.de\/grundschulehausdorf\/wp-content\/uploads\/sites\/4\/2024\/12\/WhatsApp-Bild-2024-12-09-um-11.54.48_16aa0c9e-1024x768.jpg\" alt=\"\" class=\"wp-image-1114\" srcset=\"https:\/\/schulen-colditz.de\/grundschulehausdorf\/wp-content\/uploads\/sites\/4\/2024\/12\/WhatsApp-Bild-2024-12-09-um-11.54.48_16aa0c9e-1024x768.jpg 1024w, https:\/\/schulen-colditz.de\/grundschulehausdorf\/wp-content\/uploads\/sites\/4\/2024\/12\/WhatsApp-Bild-2024-12-09-um-11.54.48_16aa0c9e-300x225.jpg 300w, https:\/\/schulen-colditz.de\/grundschulehausdorf\/wp-content\/uploads\/sites\/4\/2024\/12\/WhatsApp-Bild-2024-12-09-um-11.54.48_16aa0c9e-768x576.jpg 768w, https:\/\/schulen-colditz.de\/grundschulehausdorf\/wp-content\/uploads\/sites\/4\/2024\/12\/WhatsApp-Bild-2024-12-09-um-11.54.48_16aa0c9e-1536x1152.jpg 1536w, https:\/\/schulen-colditz.de\/grundschulehausdorf\/wp-content\/uploads\/sites\/4\/2024\/12\/WhatsApp-Bild-2024-12-09-um-11.54.48_16aa0c9e-540x405.jpg 540w, https:\/\/schulen-colditz.de\/grundschulehausdorf\/wp-content\/uploads\/sites\/4\/2024\/12\/WhatsApp-Bild-2024-12-09-um-11.54.48_16aa0c9e-1080x810.jpg 1080w, https:\/\/schulen-colditz.de\/grundschulehausdorf\/wp-content\/uploads\/sites\/4\/2024\/12\/WhatsApp-Bild-2024-12-09-um-11.54.48_16aa0c9e.jpg 1600w\" sizes=\"auto, (max-width: 1024px) 100vw, 1024px\" \/><\/figure>\n\n\n\n<figure class=\"wp-block-image size-large is-style-default\"><img loading=\"lazy\" decoding=\"async\" width=\"1024\" height=\"768\" data-id=\"1115\" src=\"https:\/\/schulen-colditz.de\/grundschulehausdorf\/wp-content\/uploads\/sites\/4\/2024\/12\/WhatsApp-Bild-2024-12-09-um-11.47.00_85604f6e-1024x768.jpg\" alt=\"\" class=\"wp-image-1115\" srcset=\"https:\/\/schulen-colditz.de\/grundschulehausdorf\/wp-content\/uploads\/sites\/4\/2024\/12\/WhatsApp-Bild-2024-12-09-um-11.47.00_85604f6e-1024x768.jpg 1024w, https:\/\/schulen-colditz.de\/grundschulehausdorf\/wp-content\/uploads\/sites\/4\/2024\/12\/WhatsApp-Bild-2024-12-09-um-11.47.00_85604f6e-300x225.jpg 300w, https:\/\/schulen-colditz.de\/grundschulehausdorf\/wp-content\/uploads\/sites\/4\/2024\/12\/WhatsApp-Bild-2024-12-09-um-11.47.00_85604f6e-768x576.jpg 768w, https:\/\/schulen-colditz.de\/grundschulehausdorf\/wp-content\/uploads\/sites\/4\/2024\/12\/WhatsApp-Bild-2024-12-09-um-11.47.00_85604f6e-1536x1152.jpg 1536w, https:\/\/schulen-colditz.de\/grundschulehausdorf\/wp-content\/uploads\/sites\/4\/2024\/12\/WhatsApp-Bild-2024-12-09-um-11.47.00_85604f6e-540x405.jpg 540w, https:\/\/schulen-colditz.de\/grundschulehausdorf\/wp-content\/uploads\/sites\/4\/2024\/12\/WhatsApp-Bild-2024-12-09-um-11.47.00_85604f6e-1080x810.jpg 1080w, https:\/\/schulen-colditz.de\/grundschulehausdorf\/wp-content\/uploads\/sites\/4\/2024\/12\/WhatsApp-Bild-2024-12-09-um-11.47.00_85604f6e-1980x1485.jpg 1980w, https:\/\/schulen-colditz.de\/grundschulehausdorf\/wp-content\/uploads\/sites\/4\/2024\/12\/WhatsApp-Bild-2024-12-09-um-11.47.00_85604f6e.jpg 2048w\" sizes=\"auto, (max-width: 1024px) 100vw, 1024px\" \/><\/figure>\n\n\n\n<figure class=\"wp-block-image size-large\"><img loading=\"lazy\" decoding=\"async\" width=\"1024\" height=\"768\" data-id=\"1113\" src=\"https:\/\/schulen-colditz.de\/grundschulehausdorf\/wp-content\/uploads\/sites\/4\/2024\/12\/WhatsApp-Image-2024-10-24-at-11.33.352-1024x768.jpeg\" alt=\"\" class=\"wp-image-1113\" srcset=\"https:\/\/schulen-colditz.de\/grundschulehausdorf\/wp-content\/uploads\/sites\/4\/2024\/12\/WhatsApp-Image-2024-10-24-at-11.33.352-1024x768.jpeg 1024w, https:\/\/schulen-colditz.de\/grundschulehausdorf\/wp-content\/uploads\/sites\/4\/2024\/12\/WhatsApp-Image-2024-10-24-at-11.33.352-300x225.jpeg 300w, https:\/\/schulen-colditz.de\/grundschulehausdorf\/wp-content\/uploads\/sites\/4\/2024\/12\/WhatsApp-Image-2024-10-24-at-11.33.352-768x576.jpeg 768w, https:\/\/schulen-colditz.de\/grundschulehausdorf\/wp-content\/uploads\/sites\/4\/2024\/12\/WhatsApp-Image-2024-10-24-at-11.33.352-540x405.jpeg 540w, https:\/\/schulen-colditz.de\/grundschulehausdorf\/wp-content\/uploads\/sites\/4\/2024\/12\/WhatsApp-Image-2024-10-24-at-11.33.352-1080x810.jpeg 1080w, https:\/\/schulen-colditz.de\/grundschulehausdorf\/wp-content\/uploads\/sites\/4\/2024\/12\/WhatsApp-Image-2024-10-24-at-11.33.352.jpeg 1328w\" sizes=\"auto, (max-width: 1024px) 100vw, 1024px\" \/><\/figure>\n<\/figure>\n\n\n\n<figure class=\"wp-block-gallery has-nested-images columns-default is-cropped wp-block-gallery-2 is-layout-flex wp-block-gallery-is-layout-flex\">\n<figure class=\"wp-block-image size-large\"><img loading=\"lazy\" decoding=\"async\" width=\"1024\" height=\"640\" data-id=\"1127\" src=\"https:\/\/schulen-colditz.de\/grundschulehausdorf\/wp-content\/uploads\/sites\/4\/2025\/03\/Streiten_lernen-1024x640.jpg\" alt=\"\" class=\"wp-image-1127\" srcset=\"https:\/\/schulen-colditz.de\/grundschulehausdorf\/wp-content\/uploads\/sites\/4\/2025\/03\/Streiten_lernen-1024x640.jpg 1024w, https:\/\/schulen-colditz.de\/grundschulehausdorf\/wp-content\/uploads\/sites\/4\/2025\/03\/Streiten_lernen-300x188.jpg 300w, https:\/\/schulen-colditz.de\/grundschulehausdorf\/wp-content\/uploads\/sites\/4\/2025\/03\/Streiten_lernen-768x480.jpg 768w, https:\/\/schulen-colditz.de\/grundschulehausdorf\/wp-content\/uploads\/sites\/4\/2025\/03\/Streiten_lernen-1536x961.jpg 1536w, https:\/\/schulen-colditz.de\/grundschulehausdorf\/wp-content\/uploads\/sites\/4\/2025\/03\/Streiten_lernen-540x338.jpg 540w, https:\/\/schulen-colditz.de\/grundschulehausdorf\/wp-content\/uploads\/sites\/4\/2025\/03\/Streiten_lernen-1080x675.jpg 1080w, https:\/\/schulen-colditz.de\/grundschulehausdorf\/wp-content\/uploads\/sites\/4\/2025\/03\/Streiten_lernen-400x250.jpg 400w, https:\/\/schulen-colditz.de\/grundschulehausdorf\/wp-content\/uploads\/sites\/4\/2025\/03\/Streiten_lernen.jpg 1917w\" sizes=\"auto, (max-width: 1024px) 100vw, 1024px\" \/><\/figure>\n\n\n\n<figure class=\"wp-block-image size-large\"><img loading=\"lazy\" decoding=\"async\" width=\"1024\" height=\"768\" data-id=\"1126\" src=\"https:\/\/schulen-colditz.de\/grundschulehausdorf\/wp-content\/uploads\/sites\/4\/2025\/03\/Streiten_lernen2-1024x768.jpg\" alt=\"\" class=\"wp-image-1126\" srcset=\"https:\/\/schulen-colditz.de\/grundschulehausdorf\/wp-content\/uploads\/sites\/4\/2025\/03\/Streiten_lernen2-1024x768.jpg 1024w, https:\/\/schulen-colditz.de\/grundschulehausdorf\/wp-content\/uploads\/sites\/4\/2025\/03\/Streiten_lernen2-300x225.jpg 300w, https:\/\/schulen-colditz.de\/grundschulehausdorf\/wp-content\/uploads\/sites\/4\/2025\/03\/Streiten_lernen2-768x576.jpg 768w, https:\/\/schulen-colditz.de\/grundschulehausdorf\/wp-content\/uploads\/sites\/4\/2025\/03\/Streiten_lernen2-1536x1152.jpg 1536w, https:\/\/schulen-colditz.de\/grundschulehausdorf\/wp-content\/uploads\/sites\/4\/2025\/03\/Streiten_lernen2-540x405.jpg 540w, https:\/\/schulen-colditz.de\/grundschulehausdorf\/wp-content\/uploads\/sites\/4\/2025\/03\/Streiten_lernen2-1080x810.jpg 1080w, https:\/\/schulen-colditz.de\/grundschulehausdorf\/wp-content\/uploads\/sites\/4\/2025\/03\/Streiten_lernen2-1980x1485.jpg 1980w, https:\/\/schulen-colditz.de\/grundschulehausdorf\/wp-content\/uploads\/sites\/4\/2025\/03\/Streiten_lernen2.jpg 2000w\" sizes=\"auto, (max-width: 1024px) 100vw, 1024px\" \/><\/figure>\n<\/figure>\n\n\n\n<ol start=\"1\" class=\"wp-block-list\">\n<li>Projekt: Streiten Lernen Klasse 4<\/li>\n<\/ol>\n\n\n\n<ol start=\"2\" class=\"wp-block-list\">\n<li>\u00dcbergabe Scheck vom Stundenlauf f\u00fcr das Projekt &#8222;Entspannungsecke&#8220; und &#8222;Matschk\u00fcche&#8220;(Hort)&nbsp; im Au\u00dfenbereich&nbsp;<\/li>\n<\/ol>\n\n\n\n<ol start=\"3\" class=\"wp-block-list\">\n<li>Medienprojekt Klasse 3b<\/li>\n<\/ol>\n<\/div><\/div>\n\n\n\n<div class=\"wp-block-uagb-container uagb-block-bd0c9308 alignfull uagb-is-root-container\"><div class=\"uagb-container-inner-blocks-wrap\">\n<figure class=\"gb-block-image gb-block-image-497244e8\"><img loading=\"lazy\" decoding=\"async\" width=\"1240\" height=\"1753\" class=\"gb-image gb-image-497244e8\" src=\"https:\/\/schulen-colditz.de\/grundschulehausdorf\/wp-content\/uploads\/sites\/4\/2024\/12\/Schulsozialarbeit_Web-1.jpg\" alt=\"\" title=\"Schulsozialarbeit_Web-1\" srcset=\"https:\/\/schulen-colditz.de\/grundschulehausdorf\/wp-content\/uploads\/sites\/4\/2024\/12\/Schulsozialarbeit_Web-1.jpg 1240w, https:\/\/schulen-colditz.de\/grundschulehausdorf\/wp-content\/uploads\/sites\/4\/2024\/12\/Schulsozialarbeit_Web-1-212x300.jpg 212w, https:\/\/schulen-colditz.de\/grundschulehausdorf\/wp-content\/uploads\/sites\/4\/2024\/12\/Schulsozialarbeit_Web-1-724x1024.jpg 724w, https:\/\/schulen-colditz.de\/grundschulehausdorf\/wp-content\/uploads\/sites\/4\/2024\/12\/Schulsozialarbeit_Web-1-768x1086.jpg 768w, https:\/\/schulen-colditz.de\/grundschulehausdorf\/wp-content\/uploads\/sites\/4\/2024\/12\/Schulsozialarbeit_Web-1-1087x1536.jpg 1087w, https:\/\/schulen-colditz.de\/grundschulehausdorf\/wp-content\/uploads\/sites\/4\/2024\/12\/Schulsozialarbeit_Web-1-540x763.jpg 540w, https:\/\/schulen-colditz.de\/grundschulehausdorf\/wp-content\/uploads\/sites\/4\/2024\/12\/Schulsozialarbeit_Web-1-1080x1527.jpg 1080w\" sizes=\"auto, (max-width: 1240px) 100vw, 1240px\" \/><\/figure>\n<\/div><\/div>\n","protected":false},"excerpt":{"rendered":"","protected":false},"author":4,"featured_media":0,"parent":0,"menu_order":0,"comment_status":"closed","ping_status":"closed","template":"template-full-width.php","meta":{"_crdt_document":"","inline_featured_image":false,"_uag_custom_page_level_css":"","pgc_sgb_lightbox_settings":"","footnotes":""},"class_list":["post-1049","page","type-page","status-publish","has-post-thumbnail","hentry"],"yoast_head":"<!-- This site is optimized with the Yoast SEO plugin v27.4 - https:\/\/yoast.com\/product\/yoast-seo-wordpress\/ -->\n<title>Schulsozialarbeit - Grundschule Hausdorf<\/title>\n<meta name=\"robots\" content=\"index, follow, max-snippet:-1, max-image-preview:large, max-video-preview:-1\" \/>\n<link rel=\"canonical\" href=\"https:\/\/schulen-colditz.de\/grundschulehausdorf\/schulsozialarbeit\/\" \/>\n<meta property=\"og:locale\" content=\"de_DE\" \/>\n<meta property=\"og:type\" content=\"article\" \/>\n<meta property=\"og:title\" content=\"Schulsozialarbeit - Grundschule Hausdorf\" \/>\n<meta property=\"og:url\" content=\"https:\/\/schulen-colditz.de\/grundschulehausdorf\/schulsozialarbeit\/\" \/>\n<meta property=\"og:site_name\" content=\"Grundschule Hausdorf\" \/>\n<meta property=\"article:modified_time\" content=\"2025-03-14T09:29:25+00:00\" \/>\n<meta property=\"og:image\" content=\"https:\/\/schulen-colditz.de\/grundschulehausdorf\/wp-content\/uploads\/sites\/4\/2024\/12\/WhatsApp-Bild-2024-12-09-um-11.54.48_16aa0c9e.jpg\" \/>\n\t<meta property=\"og:image:width\" content=\"1600\" \/>\n\t<meta property=\"og:image:height\" content=\"1200\" \/>\n\t<meta property=\"og:image:type\" content=\"image\/jpeg\" \/>\n<meta name=\"twitter:card\" content=\"summary_large_image\" \/>\n<meta name=\"twitter:label1\" content=\"Gesch\u00e4tzte Lesezeit\" \/>\n\t<meta name=\"twitter:data1\" content=\"2\u00a0Minuten\" \/>\n<script type=\"application\/ld+json\" class=\"yoast-schema-graph\">{\"@context\":\"https:\\\/\\\/schema.org\",\"@graph\":[{\"@type\":\"WebPage\",\"@id\":\"https:\\\/\\\/schulen-colditz.de\\\/grundschulehausdorf\\\/schulsozialarbeit\\\/\",\"url\":\"https:\\\/\\\/schulen-colditz.de\\\/grundschulehausdorf\\\/schulsozialarbeit\\\/\",\"name\":\"Schulsozialarbeit - Grundschule Hausdorf\",\"isPartOf\":{\"@id\":\"https:\\\/\\\/schulen-colditz.de\\\/grundschulehausdorf\\\/#website\"},\"primaryImageOfPage\":{\"@id\":\"https:\\\/\\\/schulen-colditz.de\\\/grundschulehausdorf\\\/schulsozialarbeit\\\/#primaryimage\"},\"image\":{\"@id\":\"https:\\\/\\\/schulen-colditz.de\\\/grundschulehausdorf\\\/schulsozialarbeit\\\/#primaryimage\"},\"thumbnailUrl\":\"https:\\\/\\\/schulen-colditz.de\\\/grundschulehausdorf\\\/wp-content\\\/uploads\\\/sites\\\/4\\\/2024\\\/12\\\/WhatsApp-Bild-2024-12-09-um-11.54.48_16aa0c9e-1024x768.jpg\",\"datePublished\":\"2024-02-10T08:37:45+00:00\",\"dateModified\":\"2025-03-14T09:29:25+00:00\",\"breadcrumb\":{\"@id\":\"https:\\\/\\\/schulen-colditz.de\\\/grundschulehausdorf\\\/schulsozialarbeit\\\/#breadcrumb\"},\"inLanguage\":\"de\",\"potentialAction\":[{\"@type\":\"ReadAction\",\"target\":[\"https:\\\/\\\/schulen-colditz.de\\\/grundschulehausdorf\\\/schulsozialarbeit\\\/\"]}]},{\"@type\":\"ImageObject\",\"inLanguage\":\"de\",\"@id\":\"https:\\\/\\\/schulen-colditz.de\\\/grundschulehausdorf\\\/schulsozialarbeit\\\/#primaryimage\",\"url\":\"https:\\\/\\\/schulen-colditz.de\\\/grundschulehausdorf\\\/wp-content\\\/uploads\\\/sites\\\/4\\\/2024\\\/12\\\/WhatsApp-Bild-2024-12-09-um-11.54.48_16aa0c9e.jpg\",\"contentUrl\":\"https:\\\/\\\/schulen-colditz.de\\\/grundschulehausdorf\\\/wp-content\\\/uploads\\\/sites\\\/4\\\/2024\\\/12\\\/WhatsApp-Bild-2024-12-09-um-11.54.48_16aa0c9e.jpg\",\"width\":1600,\"height\":1200},{\"@type\":\"BreadcrumbList\",\"@id\":\"https:\\\/\\\/schulen-colditz.de\\\/grundschulehausdorf\\\/schulsozialarbeit\\\/#breadcrumb\",\"itemListElement\":[{\"@type\":\"ListItem\",\"position\":1,\"name\":\"Startseite\",\"item\":\"https:\\\/\\\/schulen-colditz.de\\\/grundschulehausdorf\\\/\"},{\"@type\":\"ListItem\",\"position\":2,\"name\":\"Schulsozialarbeit\"}]},{\"@type\":\"WebSite\",\"@id\":\"https:\\\/\\\/schulen-colditz.de\\\/grundschulehausdorf\\\/#website\",\"url\":\"https:\\\/\\\/schulen-colditz.de\\\/grundschulehausdorf\\\/\",\"name\":\"Grundschule Hausdorf\",\"description\":\"Hier erfahren Sie alles \u00fcber die Grundschule Hausdorf\",\"publisher\":{\"@id\":\"https:\\\/\\\/schulen-colditz.de\\\/grundschulehausdorf\\\/#organization\"},\"potentialAction\":[{\"@type\":\"SearchAction\",\"target\":{\"@type\":\"EntryPoint\",\"urlTemplate\":\"https:\\\/\\\/schulen-colditz.de\\\/grundschulehausdorf\\\/?s={search_term_string}\"},\"query-input\":{\"@type\":\"PropertyValueSpecification\",\"valueRequired\":true,\"valueName\":\"search_term_string\"}}],\"inLanguage\":\"de\"},{\"@type\":\"Organization\",\"@id\":\"https:\\\/\\\/schulen-colditz.de\\\/grundschulehausdorf\\\/#organization\",\"name\":\"Grundschule Hausdorf\",\"url\":\"https:\\\/\\\/schulen-colditz.de\\\/grundschulehausdorf\\\/\",\"logo\":{\"@type\":\"ImageObject\",\"inLanguage\":\"de\",\"@id\":\"https:\\\/\\\/schulen-colditz.de\\\/grundschulehausdorf\\\/#\\\/schema\\\/logo\\\/image\\\/\",\"url\":\"https:\\\/\\\/schulen-colditz.de\\\/grundschulehausdorf\\\/wp-content\\\/uploads\\\/sites\\\/4\\\/2019\\\/08\\\/cropped-logo-hausdorf.png\",\"contentUrl\":\"https:\\\/\\\/schulen-colditz.de\\\/grundschulehausdorf\\\/wp-content\\\/uploads\\\/sites\\\/4\\\/2019\\\/08\\\/cropped-logo-hausdorf.png\",\"width\":6815,\"height\":1405,\"caption\":\"Grundschule Hausdorf\"},\"image\":{\"@id\":\"https:\\\/\\\/schulen-colditz.de\\\/grundschulehausdorf\\\/#\\\/schema\\\/logo\\\/image\\\/\"}}]}<\/script>\n<!-- \/ Yoast SEO plugin. -->","yoast_head_json":{"title":"Schulsozialarbeit - Grundschule Hausdorf","robots":{"index":"index","follow":"follow","max-snippet":"max-snippet:-1","max-image-preview":"max-image-preview:large","max-video-preview":"max-video-preview:-1"},"canonical":"https:\/\/schulen-colditz.de\/grundschulehausdorf\/schulsozialarbeit\/","og_locale":"de_DE","og_type":"article","og_title":"Schulsozialarbeit - Grundschule Hausdorf","og_url":"https:\/\/schulen-colditz.de\/grundschulehausdorf\/schulsozialarbeit\/","og_site_name":"Grundschule Hausdorf","article_modified_time":"2025-03-14T09:29:25+00:00","og_image":[{"width":1600,"height":1200,"url":"https:\/\/schulen-colditz.de\/grundschulehausdorf\/wp-content\/uploads\/sites\/4\/2024\/12\/WhatsApp-Bild-2024-12-09-um-11.54.48_16aa0c9e.jpg","type":"image\/jpeg"}],"twitter_card":"summary_large_image","twitter_misc":{"Gesch\u00e4tzte Lesezeit":"2\u00a0Minuten"},"schema":{"@context":"https:\/\/schema.org","@graph":[{"@type":"WebPage","@id":"https:\/\/schulen-colditz.de\/grundschulehausdorf\/schulsozialarbeit\/","url":"https:\/\/schulen-colditz.de\/grundschulehausdorf\/schulsozialarbeit\/","name":"Schulsozialarbeit - Grundschule Hausdorf","isPartOf":{"@id":"https:\/\/schulen-colditz.de\/grundschulehausdorf\/#website"},"primaryImageOfPage":{"@id":"https:\/\/schulen-colditz.de\/grundschulehausdorf\/schulsozialarbeit\/#primaryimage"},"image":{"@id":"https:\/\/schulen-colditz.de\/grundschulehausdorf\/schulsozialarbeit\/#primaryimage"},"thumbnailUrl":"https:\/\/schulen-colditz.de\/grundschulehausdorf\/wp-content\/uploads\/sites\/4\/2024\/12\/WhatsApp-Bild-2024-12-09-um-11.54.48_16aa0c9e-1024x768.jpg","datePublished":"2024-02-10T08:37:45+00:00","dateModified":"2025-03-14T09:29:25+00:00","breadcrumb":{"@id":"https:\/\/schulen-colditz.de\/grundschulehausdorf\/schulsozialarbeit\/#breadcrumb"},"inLanguage":"de","potentialAction":[{"@type":"ReadAction","target":["https:\/\/schulen-colditz.de\/grundschulehausdorf\/schulsozialarbeit\/"]}]},{"@type":"ImageObject","inLanguage":"de","@id":"https:\/\/schulen-colditz.de\/grundschulehausdorf\/schulsozialarbeit\/#primaryimage","url":"https:\/\/schulen-colditz.de\/grundschulehausdorf\/wp-content\/uploads\/sites\/4\/2024\/12\/WhatsApp-Bild-2024-12-09-um-11.54.48_16aa0c9e.jpg","contentUrl":"https:\/\/schulen-colditz.de\/grundschulehausdorf\/wp-content\/uploads\/sites\/4\/2024\/12\/WhatsApp-Bild-2024-12-09-um-11.54.48_16aa0c9e.jpg","width":1600,"height":1200},{"@type":"BreadcrumbList","@id":"https:\/\/schulen-colditz.de\/grundschulehausdorf\/schulsozialarbeit\/#breadcrumb","itemListElement":[{"@type":"ListItem","position":1,"name":"Startseite","item":"https:\/\/schulen-colditz.de\/grundschulehausdorf\/"},{"@type":"ListItem","position":2,"name":"Schulsozialarbeit"}]},{"@type":"WebSite","@id":"https:\/\/schulen-colditz.de\/grundschulehausdorf\/#website","url":"https:\/\/schulen-colditz.de\/grundschulehausdorf\/","name":"Grundschule Hausdorf","description":"Hier erfahren Sie alles \u00fcber die Grundschule Hausdorf","publisher":{"@id":"https:\/\/schulen-colditz.de\/grundschulehausdorf\/#organization"},"potentialAction":[{"@type":"SearchAction","target":{"@type":"EntryPoint","urlTemplate":"https:\/\/schulen-colditz.de\/grundschulehausdorf\/?s={search_term_string}"},"query-input":{"@type":"PropertyValueSpecification","valueRequired":true,"valueName":"search_term_string"}}],"inLanguage":"de"},{"@type":"Organization","@id":"https:\/\/schulen-colditz.de\/grundschulehausdorf\/#organization","name":"Grundschule Hausdorf","url":"https:\/\/schulen-colditz.de\/grundschulehausdorf\/","logo":{"@type":"ImageObject","inLanguage":"de","@id":"https:\/\/schulen-colditz.de\/grundschulehausdorf\/#\/schema\/logo\/image\/","url":"https:\/\/schulen-colditz.de\/grundschulehausdorf\/wp-content\/uploads\/sites\/4\/2019\/08\/cropped-logo-hausdorf.png","contentUrl":"https:\/\/schulen-colditz.de\/grundschulehausdorf\/wp-content\/uploads\/sites\/4\/2019\/08\/cropped-logo-hausdorf.png","width":6815,"height":1405,"caption":"Grundschule Hausdorf"},"image":{"@id":"https:\/\/schulen-colditz.de\/grundschulehausdorf\/#\/schema\/logo\/image\/"}}]}},"uagb_featured_image_src":{"full":false,"thumbnail":false,"medium":false,"medium_large":false,"large":false,"1536x1536":false,"2048x2048":false,"post-thumbnail":false,"chaplin_preview_image_low_resolution":false,"chaplin_preview_image_high_resolution":false,"chaplin_fullscreen":false,"400x250-crop":false},"uagb_author_info":{"display_name":"wasner","author_link":"https:\/\/schulen-colditz.de\/grundschulehausdorf\/author\/wasner\/"},"uagb_comment_info":0,"uagb_excerpt":null,"_links":{"self":[{"href":"https:\/\/schulen-colditz.de\/grundschulehausdorf\/wp-json\/wp\/v2\/pages\/1049","targetHints":{"allow":["GET"]}}],"collection":[{"href":"https:\/\/schulen-colditz.de\/grundschulehausdorf\/wp-json\/wp\/v2\/pages"}],"about":[{"href":"https:\/\/schulen-colditz.de\/grundschulehausdorf\/wp-json\/wp\/v2\/types\/page"}],"author":[{"embeddable":true,"href":"https:\/\/schulen-colditz.de\/grundschulehausdorf\/wp-json\/wp\/v2\/users\/4"}],"replies":[{"embeddable":true,"href":"https:\/\/schulen-colditz.de\/grundschulehausdorf\/wp-json\/wp\/v2\/comments?post=1049"}],"version-history":[{"count":0,"href":"https:\/\/schulen-colditz.de\/grundschulehausdorf\/wp-json\/wp\/v2\/pages\/1049\/revisions"}],"wp:attachment":[{"href":"https:\/\/schulen-colditz.de\/grundschulehausdorf\/wp-json\/wp\/v2\/media?parent=1049"}],"curies":[{"name":"wp","href":"https:\/\/api.w.org\/{rel}","templated":true}]}}