{"id":1144,"date":"2020-05-05T15:01:17","date_gmt":"2020-05-05T13:01:17","guid":{"rendered":"https:\/\/schulen-colditz.de\/grundschule\/?page_id=1144"},"modified":"2021-09-25T11:29:11","modified_gmt":"2021-09-25T09:29:11","slug":"schulangebote","status":"publish","type":"page","link":"https:\/\/schulen-colditz.de\/grundschule\/schulangebote\/","title":{"rendered":"Ganztagsangebote"},"content":{"rendered":"\n<h2 class=\"wp-block-heading\" id=\"gta\">Unsere Ganztagsangebote<\/h2>\n\n\n\n<div class=\"wp-block-columns alignwide is-layout-flex wp-container-core-columns-is-layout-8f761849 wp-block-columns-is-layout-flex\">\n<div class=\"wp-block-column is-layout-flow wp-block-column-is-layout-flow\">\n<p class=\"wp-block-paragraph\">Seit dem Schuljahr 2009\/2010 gibt es in unserer Schule gef\u00f6rderte Ganztagsangebote in offener Form. Damit m\u00f6chten wir den Einzelnen seinen individuellen Interessen und Begabungen entsprechend noch st\u00e4rker f\u00f6rdern und fordern sowie zur St\u00e4rkung der Gemeinschaft beitragen.<\/p>\n\n\n\n<figure class=\"wp-block-gallery columns-1 is-cropped img-side wp-block-gallery-1 is-layout-flex wp-block-gallery-is-layout-flex\"><ul class=\"blocks-gallery-grid\"><li class=\"blocks-gallery-item\"><figure><img loading=\"lazy\" decoding=\"async\" width=\"1024\" height=\"683\" src=\"https:\/\/schulen-colditz.de\/grundschule\/wp-content\/uploads\/sites\/3\/2020\/01\/IMG_7299-1024x683.jpg\" alt=\"\" data-id=\"386\" data-full-url=\"https:\/\/schulen-colditz.de\/grundschule\/wp-content\/uploads\/sites\/3\/2020\/01\/IMG_7299-scaled.jpg\" data-link=\"https:\/\/schulen-colditz.de\/grundschule\/unsere-schule-in-bildern\/img_7299\/\" class=\"wp-image-386\" srcset=\"https:\/\/schulen-colditz.de\/grundschule\/wp-content\/uploads\/sites\/3\/2020\/01\/IMG_7299-1024x683.jpg 1024w, https:\/\/schulen-colditz.de\/grundschule\/wp-content\/uploads\/sites\/3\/2020\/01\/IMG_7299-300x200.jpg 300w, https:\/\/schulen-colditz.de\/grundschule\/wp-content\/uploads\/sites\/3\/2020\/01\/IMG_7299-768x512.jpg 768w, https:\/\/schulen-colditz.de\/grundschule\/wp-content\/uploads\/sites\/3\/2020\/01\/IMG_7299-1536x1024.jpg 1536w, https:\/\/schulen-colditz.de\/grundschule\/wp-content\/uploads\/sites\/3\/2020\/01\/IMG_7299-2048x1365.jpg 2048w, https:\/\/schulen-colditz.de\/grundschule\/wp-content\/uploads\/sites\/3\/2020\/01\/IMG_7299-540x360.jpg 540w, https:\/\/schulen-colditz.de\/grundschule\/wp-content\/uploads\/sites\/3\/2020\/01\/IMG_7299-1080x720.jpg 1080w, https:\/\/schulen-colditz.de\/grundschule\/wp-content\/uploads\/sites\/3\/2020\/01\/IMG_7299-1980x1320.jpg 1980w\" sizes=\"auto, (max-width: 1024px) 100vw, 1024px\" \/><\/figure><\/li><\/ul><\/figure>\n\n\n\n<figure class=\"wp-block-image size-large\"><img loading=\"lazy\" decoding=\"async\" width=\"400\" height=\"50\" src=\"https:\/\/schulen-colditz.de\/grundschule\/wp-content\/uploads\/sites\/3\/2020\/02\/finanziertDurchSachsen.png\" alt=\"\" class=\"wp-image-1080\" srcset=\"https:\/\/schulen-colditz.de\/grundschule\/wp-content\/uploads\/sites\/3\/2020\/02\/finanziertDurchSachsen.png 400w, https:\/\/schulen-colditz.de\/grundschule\/wp-content\/uploads\/sites\/3\/2020\/02\/finanziertDurchSachsen-300x38.png 300w\" sizes=\"auto, (max-width: 400px) 100vw, 400px\" \/><\/figure>\n<\/div>\n\n\n\n<div class=\"wp-block-column is-layout-flow wp-block-column-is-layout-flow\">\n<div class=\"wp-block-group\"><div class=\"wp-block-group__inner-container is-layout-flow wp-block-group-is-layout-flow\">\n<h3 class=\"wp-block-heading\">Schwerpunkte unserer Ganztagsangebote <\/h3>\n\n\n\n<ul class=\"wp-block-list\"><li>Rhythmisierung des Schultages <\/li><li>Lernen in offenen, sch\u00fclerorientierten Lernformen <\/li><li>Differenzierung des Unterrichts <\/li><li>Flexibilisierung und Intensivierung des F\u00f6rderunterrichts <\/li><li>fr\u00fchzeitiges Sprachenlernen <\/li><li>Bewegungsf\u00f6rderung <\/li><li>ein gutes, von Offenheit, Achtung und Toleranz gepr\u00e4gtes Schulklima <\/li><li>Hausaufgabenbetreuung <\/li><li>Anregungen zur sinnvollen Freizeitgestaltung sowie F\u00f6rderung individueller Interessen und St\u00e4rken durch ein vielf\u00e4ltiges Arbeitsgemeinschaftsangebot<\/li><li>enge Kooperation von Hort und Schule, aber auch enge Zusammenarbeit mit allen anderen Erziehungstr\u00e4gern<br><\/li><\/ul>\n<\/div><\/div>\n<\/div>\n<\/div>\n\n\n\n<h3 class=\"wp-block-heading\">GTA im Schuljahr 2019\/2020<\/h3>\n\n\n\n<div class=\"wp-block-columns alignwide is-layout-flex wp-container-core-columns-is-layout-8f761849 wp-block-columns-is-layout-flex\">\n<div class=\"wp-block-column is-layout-flow wp-block-column-is-layout-flow\">\n<table id=\"tablepress-1\" class=\"tablepress tablepress-id-1\">\n<thead>\n<tr class=\"row-1\">\n\t<th class=\"column-1\"><strong>Zeit - Dienstag<\/strong><\/th><th class=\"column-2\"><strong>Angebot<\/strong><\/th><th class=\"column-3\"><strong>GTA Leiter<\/strong><\/th><th class=\"column-4\"><strong>Zeitraum<\/strong><\/th>\n<\/tr>\n<\/thead>\n<tbody class=\"row-striping row-hover\">\n<tr class=\"row-2\">\n\t<td class=\"column-1\">11:40 -12:125<\/td><td class=\"column-2\">Lesef\u00f6rdern<\/td><td class=\"column-3\">Frau Bernstein<\/td><td class=\"column-4\">w\u00f6chentlich<\/td>\n<\/tr>\n<tr class=\"row-3\">\n\t<td class=\"column-1\">12:35 - 13:20<\/td><td class=\"column-2\">Sport und Spiel<\/td><td class=\"column-3\">Frau Mikalotzus<\/td><td class=\"column-4\">w\u00f6chentlich<\/td>\n<\/tr>\n<tr class=\"row-4\">\n\t<td class=\"column-1\">14:00 - 15:00<\/td><td class=\"column-2\">HA-Betreuung<\/td><td class=\"column-3\">Frau Hunger<\/td><td class=\"column-4\">w\u00f6chentlich<\/td>\n<\/tr>\n<tr class=\"row-5\">\n\t<td class=\"column-1\">14:30 - 15:30<\/td><td class=\"column-2\">Tischtennis<\/td><td class=\"column-3\">Herr Kreutzahler<\/td><td class=\"column-4\">w\u00f6chentlich<\/td>\n<\/tr>\n<tr class=\"row-6\">\n\t<td class=\"column-1\">15:30 - 16:15<\/td><td class=\"column-2\">Aerobic<\/td><td class=\"column-3\">Frau Auerswald<\/td><td class=\"column-4\">w\u00f6chentlich<\/td>\n<\/tr>\n<\/tbody>\n<\/table>\n<!-- #tablepress-1 from cache -->\n<\/div>\n<\/div>\n\n\n\n<div class=\"wp-block-columns alignwide is-layout-flex wp-container-core-columns-is-layout-8f761849 wp-block-columns-is-layout-flex\"><\/div>\n\n\n\n<div class=\"wp-block-columns alignwide is-layout-flex wp-container-core-columns-is-layout-8f761849 wp-block-columns-is-layout-flex\">\n<div class=\"wp-block-column is-layout-flow wp-block-column-is-layout-flow\" style=\"flex-basis:33.33%\">\n<h3 class=\"wp-block-heading\">Mittwoch<\/h3>\n<\/div>\n\n\n\n<div class=\"wp-block-column is-layout-flow wp-block-column-is-layout-flow\" style=\"flex-basis:66.66%\">\n<figure class=\"wp-block-table is-style-regular half\"><table class=\"has-fixed-layout\"><tbody><tr><td>11:40-12:25<\/td><td>Computerkurs<\/td><td>Herr Kie\u00dfig<\/td><td>w\u00f6chentlich<\/td><\/tr><tr><td>12:35-13:20<\/td><td>Sport und Spiel<\/td><td>Frau Folprecht-Schommler<\/td><td>w\u00f6chentlich<\/td><\/tr><tr><td>12:35-13:20<\/td><td>Tastaturkurs<\/td><td>Frau Mehnert<\/td><td>w\u00f6chentlich<\/td><\/tr><tr><td>12:35-13:20<\/td><td>Musikwerkstatt &#8222;Spatzenchor&#8220;<\/td><td>Frau Leuthold<\/td><td>w\u00f6chentlich<\/td><\/tr><tr><td>14:00-15:30<\/td><td>Filzen<\/td><td>Frau Zeiger<\/td><td>14-t\u00e4gig<\/td><\/tr><tr><td>14:30-15:30<\/td><td>Flechten<\/td><td>Frau Baunack<\/td><td>14-t\u00e4gig<\/td><\/tr><tr><td>14:30-15:15<\/td><td>Holzwerkstatt<\/td><td>Herr Meisel<\/td><td>w\u00f6chentlich<\/td><\/tr><\/tbody><\/table><\/figure>\n<\/div>\n<\/div>\n\n\n\n<div class=\"wp-block-columns alignwide is-layout-flex wp-container-core-columns-is-layout-8f761849 wp-block-columns-is-layout-flex\">\n<div class=\"wp-block-column is-layout-flow wp-block-column-is-layout-flow\" style=\"flex-basis:33.33%\">\n<h3 class=\"wp-block-heading\">Donnerstag<\/h3>\n<\/div>\n\n\n\n<div class=\"wp-block-column is-layout-flow wp-block-column-is-layout-flow\" style=\"flex-basis:66.66%\">\n<figure class=\"wp-block-table is-style-regular half\"><table class=\"has-fixed-layout\"><tbody><tr><td>11:40-12:35<\/td><td>Englisch<\/td><td>Frau Bernstein<\/td><td>w\u00f6chentlich<\/td><\/tr><tr><td>15:00-15:45<\/td><td>Kreativwerkstatt<\/td><td>Herr Trajkovits<\/td><td>w\u00f6chentlich<\/td><\/tr><\/tbody><\/table><\/figure>\n<\/div>\n<\/div>\n\n\n\n<h3 class=\"wp-block-heading\">Weitere Informationen<\/h3>\n\n\n\n<p class=\"wp-block-paragraph\"><a href=\"https:\/\/schulen-colditz.de\/grundschule\/wp-content\/uploads\/sites\/3\/2020\/02\/gta-aktuell.pdf\" target=\"_blank\" rel=\"noreferrer noopener\" aria-label=\" (\u00f6ffnet in neuem Tab)\">Unsere GTA-Angebote in \u00dcbersicht und zum Download 1. Halbjahr 2019 \/ 2020<\/a><\/p>\n\n\n\n<p class=\"wp-block-paragraph\"><a href=\"https:\/\/schulen-colditz.de\/grundschule\/wp-content\/uploads\/sites\/3\/2020\/02\/kooperationsvertrag-kita-diakonie.pdf\" target=\"_blank\" rel=\"noreferrer noopener\" aria-label=\" (\u00f6ffnet in neuem Tab)\">Kooperationsvertrag mit der Diakonie in \u00dcbersicht und zum Download<\/a><\/p>\n\n\n\n<p class=\"wp-block-paragraph\"><a rel=\"noreferrer noopener\" aria-label=\" (\u00f6ffnet in neuem Tab)\" href=\"https:\/\/schulen-colditz.de\/grundschule\/wp-content\/uploads\/sites\/3\/2020\/02\/kooperationsvertrag-kita-volkssolidarit-t.pdf\" target=\"_blank\">Kooperationsvertrag mit der Volkssolidarit\u00e4t in \u00dcbersicht und zum Download<\/a><\/p>\n","protected":false},"excerpt":{"rendered":"<p>Unsere Ganztagsangebote Seit dem Schuljahr 2009\/2010 gibt es in unserer Schule gef\u00f6rderte Ganztagsangebote in offener Form. Damit m\u00f6chten wir den Einzelnen seinen individuellen Interessen und Begabungen entsprechend noch&hellip;<\/p>\n","protected":false},"author":1,"featured_media":0,"parent":0,"menu_order":0,"comment_status":"closed","ping_status":"closed","template":"","meta":{"_crdt_document":"","inline_featured_image":false,"_uag_custom_page_level_css":"","pgc_sgb_lightbox_settings":"","footnotes":""},"class_list":["post-1144","page","type-page","status-publish","has-post-thumbnail","hentry"],"yoast_head":"<!-- This site is optimized with the Yoast SEO plugin v27.4 - https:\/\/yoast.com\/product\/yoast-seo-wordpress\/ -->\n<title>Ganztagsangebote - Grundschule Colditz<\/title>\n<meta name=\"robots\" content=\"index, follow, max-snippet:-1, max-image-preview:large, max-video-preview:-1\" \/>\n<link rel=\"canonical\" href=\"https:\/\/schulen-colditz.de\/grundschule\/schulangebote\/\" \/>\n<meta property=\"og:locale\" content=\"de_DE\" \/>\n<meta property=\"og:type\" content=\"article\" \/>\n<meta property=\"og:title\" content=\"Ganztagsangebote - Grundschule Colditz\" \/>\n<meta property=\"og:description\" content=\"Unsere Ganztagsangebote Seit dem Schuljahr 2009\/2010 gibt es in unserer Schule gef\u00f6rderte Ganztagsangebote in offener Form. Damit m\u00f6chten wir den Einzelnen seinen individuellen Interessen und Begabungen entsprechend noch&hellip;\" \/>\n<meta property=\"og:url\" content=\"https:\/\/schulen-colditz.de\/grundschule\/schulangebote\/\" \/>\n<meta property=\"og:site_name\" content=\"Grundschule Colditz\" \/>\n<meta property=\"article:modified_time\" content=\"2021-09-25T09:29:11+00:00\" \/>\n<meta property=\"og:image\" content=\"https:\/\/schulen-colditz.de\/grundschule\/wp-content\/uploads\/sites\/3\/2020\/01\/IMG_7299-1024x683.jpg\" \/>\n<meta name=\"twitter:card\" content=\"summary_large_image\" \/>\n<meta name=\"twitter:label1\" content=\"Gesch\u00e4tzte Lesezeit\" \/>\n\t<meta name=\"twitter:data1\" content=\"2\u00a0Minuten\" \/>\n<script type=\"application\/ld+json\" class=\"yoast-schema-graph\">{\"@context\":\"https:\\\/\\\/schema.org\",\"@graph\":[{\"@type\":\"WebPage\",\"@id\":\"https:\\\/\\\/schulen-colditz.de\\\/grundschule\\\/schulangebote\\\/\",\"url\":\"https:\\\/\\\/schulen-colditz.de\\\/grundschule\\\/schulangebote\\\/\",\"name\":\"Ganztagsangebote - Grundschule Colditz\",\"isPartOf\":{\"@id\":\"https:\\\/\\\/schulen-colditz.de\\\/grundschule\\\/#website\"},\"primaryImageOfPage\":{\"@id\":\"https:\\\/\\\/schulen-colditz.de\\\/grundschule\\\/schulangebote\\\/#primaryimage\"},\"image\":{\"@id\":\"https:\\\/\\\/schulen-colditz.de\\\/grundschule\\\/schulangebote\\\/#primaryimage\"},\"thumbnailUrl\":\"https:\\\/\\\/schulen-colditz.de\\\/grundschule\\\/wp-content\\\/uploads\\\/sites\\\/3\\\/2020\\\/01\\\/IMG_7299-1024x683.jpg\",\"datePublished\":\"2020-05-05T13:01:17+00:00\",\"dateModified\":\"2021-09-25T09:29:11+00:00\",\"breadcrumb\":{\"@id\":\"https:\\\/\\\/schulen-colditz.de\\\/grundschule\\\/schulangebote\\\/#breadcrumb\"},\"inLanguage\":\"de\",\"potentialAction\":[{\"@type\":\"ReadAction\",\"target\":[\"https:\\\/\\\/schulen-colditz.de\\\/grundschule\\\/schulangebote\\\/\"]}]},{\"@type\":\"ImageObject\",\"inLanguage\":\"de\",\"@id\":\"https:\\\/\\\/schulen-colditz.de\\\/grundschule\\\/schulangebote\\\/#primaryimage\",\"url\":\"https:\\\/\\\/schulen-colditz.de\\\/grundschule\\\/wp-content\\\/uploads\\\/sites\\\/3\\\/2020\\\/01\\\/IMG_7299-1024x683.jpg\",\"contentUrl\":\"https:\\\/\\\/schulen-colditz.de\\\/grundschule\\\/wp-content\\\/uploads\\\/sites\\\/3\\\/2020\\\/01\\\/IMG_7299-1024x683.jpg\"},{\"@type\":\"BreadcrumbList\",\"@id\":\"https:\\\/\\\/schulen-colditz.de\\\/grundschule\\\/schulangebote\\\/#breadcrumb\",\"itemListElement\":[{\"@type\":\"ListItem\",\"position\":1,\"name\":\"Startseite\",\"item\":\"https:\\\/\\\/schulen-colditz.de\\\/grundschule\\\/\"},{\"@type\":\"ListItem\",\"position\":2,\"name\":\"Ganztagsangebote\"}]},{\"@type\":\"WebSite\",\"@id\":\"https:\\\/\\\/schulen-colditz.de\\\/grundschule\\\/#website\",\"url\":\"https:\\\/\\\/schulen-colditz.de\\\/grundschule\\\/\",\"name\":\"Grundschule Colditz\",\"description\":\"Hier erfahren Sie alles \u00fcber die Grundschule Colditz\",\"publisher\":{\"@id\":\"https:\\\/\\\/schulen-colditz.de\\\/grundschule\\\/#organization\"},\"potentialAction\":[{\"@type\":\"SearchAction\",\"target\":{\"@type\":\"EntryPoint\",\"urlTemplate\":\"https:\\\/\\\/schulen-colditz.de\\\/grundschule\\\/?s={search_term_string}\"},\"query-input\":{\"@type\":\"PropertyValueSpecification\",\"valueRequired\":true,\"valueName\":\"search_term_string\"}}],\"inLanguage\":\"de\"},{\"@type\":\"Organization\",\"@id\":\"https:\\\/\\\/schulen-colditz.de\\\/grundschule\\\/#organization\",\"name\":\"Grundschule Colditz\",\"url\":\"https:\\\/\\\/schulen-colditz.de\\\/grundschule\\\/\",\"logo\":{\"@type\":\"ImageObject\",\"inLanguage\":\"de\",\"@id\":\"https:\\\/\\\/schulen-colditz.de\\\/grundschule\\\/#\\\/schema\\\/logo\\\/image\\\/\",\"url\":\"https:\\\/\\\/schulen-colditz.de\\\/grundschule\\\/wp-content\\\/uploads\\\/sites\\\/3\\\/2019\\\/08\\\/cropped-logo-grundschule.png\",\"contentUrl\":\"https:\\\/\\\/schulen-colditz.de\\\/grundschule\\\/wp-content\\\/uploads\\\/sites\\\/3\\\/2019\\\/08\\\/cropped-logo-grundschule.png\",\"width\":6815,\"height\":1405,\"caption\":\"Grundschule Colditz\"},\"image\":{\"@id\":\"https:\\\/\\\/schulen-colditz.de\\\/grundschule\\\/#\\\/schema\\\/logo\\\/image\\\/\"}}]}<\/script>\n<!-- \/ Yoast SEO plugin. -->","yoast_head_json":{"title":"Ganztagsangebote - Grundschule Colditz","robots":{"index":"index","follow":"follow","max-snippet":"max-snippet:-1","max-image-preview":"max-image-preview:large","max-video-preview":"max-video-preview:-1"},"canonical":"https:\/\/schulen-colditz.de\/grundschule\/schulangebote\/","og_locale":"de_DE","og_type":"article","og_title":"Ganztagsangebote - Grundschule Colditz","og_description":"Unsere Ganztagsangebote Seit dem Schuljahr 2009\/2010 gibt es in unserer Schule gef\u00f6rderte Ganztagsangebote in offener Form. Damit m\u00f6chten wir den Einzelnen seinen individuellen Interessen und Begabungen entsprechend noch&hellip;","og_url":"https:\/\/schulen-colditz.de\/grundschule\/schulangebote\/","og_site_name":"Grundschule Colditz","article_modified_time":"2021-09-25T09:29:11+00:00","og_image":[{"url":"https:\/\/schulen-colditz.de\/grundschule\/wp-content\/uploads\/sites\/3\/2020\/01\/IMG_7299-1024x683.jpg","type":"","width":"","height":""}],"twitter_card":"summary_large_image","twitter_misc":{"Gesch\u00e4tzte Lesezeit":"2\u00a0Minuten"},"schema":{"@context":"https:\/\/schema.org","@graph":[{"@type":"WebPage","@id":"https:\/\/schulen-colditz.de\/grundschule\/schulangebote\/","url":"https:\/\/schulen-colditz.de\/grundschule\/schulangebote\/","name":"Ganztagsangebote - Grundschule Colditz","isPartOf":{"@id":"https:\/\/schulen-colditz.de\/grundschule\/#website"},"primaryImageOfPage":{"@id":"https:\/\/schulen-colditz.de\/grundschule\/schulangebote\/#primaryimage"},"image":{"@id":"https:\/\/schulen-colditz.de\/grundschule\/schulangebote\/#primaryimage"},"thumbnailUrl":"https:\/\/schulen-colditz.de\/grundschule\/wp-content\/uploads\/sites\/3\/2020\/01\/IMG_7299-1024x683.jpg","datePublished":"2020-05-05T13:01:17+00:00","dateModified":"2021-09-25T09:29:11+00:00","breadcrumb":{"@id":"https:\/\/schulen-colditz.de\/grundschule\/schulangebote\/#breadcrumb"},"inLanguage":"de","potentialAction":[{"@type":"ReadAction","target":["https:\/\/schulen-colditz.de\/grundschule\/schulangebote\/"]}]},{"@type":"ImageObject","inLanguage":"de","@id":"https:\/\/schulen-colditz.de\/grundschule\/schulangebote\/#primaryimage","url":"https:\/\/schulen-colditz.de\/grundschule\/wp-content\/uploads\/sites\/3\/2020\/01\/IMG_7299-1024x683.jpg","contentUrl":"https:\/\/schulen-colditz.de\/grundschule\/wp-content\/uploads\/sites\/3\/2020\/01\/IMG_7299-1024x683.jpg"},{"@type":"BreadcrumbList","@id":"https:\/\/schulen-colditz.de\/grundschule\/schulangebote\/#breadcrumb","itemListElement":[{"@type":"ListItem","position":1,"name":"Startseite","item":"https:\/\/schulen-colditz.de\/grundschule\/"},{"@type":"ListItem","position":2,"name":"Ganztagsangebote"}]},{"@type":"WebSite","@id":"https:\/\/schulen-colditz.de\/grundschule\/#website","url":"https:\/\/schulen-colditz.de\/grundschule\/","name":"Grundschule Colditz","description":"Hier erfahren Sie alles \u00fcber die Grundschule Colditz","publisher":{"@id":"https:\/\/schulen-colditz.de\/grundschule\/#organization"},"potentialAction":[{"@type":"SearchAction","target":{"@type":"EntryPoint","urlTemplate":"https:\/\/schulen-colditz.de\/grundschule\/?s={search_term_string}"},"query-input":{"@type":"PropertyValueSpecification","valueRequired":true,"valueName":"search_term_string"}}],"inLanguage":"de"},{"@type":"Organization","@id":"https:\/\/schulen-colditz.de\/grundschule\/#organization","name":"Grundschule Colditz","url":"https:\/\/schulen-colditz.de\/grundschule\/","logo":{"@type":"ImageObject","inLanguage":"de","@id":"https:\/\/schulen-colditz.de\/grundschule\/#\/schema\/logo\/image\/","url":"https:\/\/schulen-colditz.de\/grundschule\/wp-content\/uploads\/sites\/3\/2019\/08\/cropped-logo-grundschule.png","contentUrl":"https:\/\/schulen-colditz.de\/grundschule\/wp-content\/uploads\/sites\/3\/2019\/08\/cropped-logo-grundschule.png","width":6815,"height":1405,"caption":"Grundschule Colditz"},"image":{"@id":"https:\/\/schulen-colditz.de\/grundschule\/#\/schema\/logo\/image\/"}}]}},"uagb_featured_image_src":{"full":false,"thumbnail":false,"medium":false,"medium_large":false,"large":false,"1536x1536":false,"2048x2048":false,"post-thumbnail":false,"chaplin_preview_image_low_resolution":false,"chaplin_preview_image_high_resolution":false,"chaplin_fullscreen":false,"400x250-crop":false},"uagb_author_info":{"display_name":"knick","author_link":"https:\/\/schulen-colditz.de\/grundschule\/author\/knick\/"},"uagb_comment_info":0,"uagb_excerpt":"Unsere Ganztagsangebote Seit dem Schuljahr 2009\/2010 gibt es in unserer Schule gef\u00f6rderte Ganztagsangebote in offener Form. Damit m\u00f6chten wir den Einzelnen seinen individuellen Interessen und Begabungen entsprechend noch&hellip;","_links":{"self":[{"href":"https:\/\/schulen-colditz.de\/grundschule\/wp-json\/wp\/v2\/pages\/1144","targetHints":{"allow":["GET"]}}],"collection":[{"href":"https:\/\/schulen-colditz.de\/grundschule\/wp-json\/wp\/v2\/pages"}],"about":[{"href":"https:\/\/schulen-colditz.de\/grundschule\/wp-json\/wp\/v2\/types\/page"}],"author":[{"embeddable":true,"href":"https:\/\/schulen-colditz.de\/grundschule\/wp-json\/wp\/v2\/users\/1"}],"replies":[{"embeddable":true,"href":"https:\/\/schulen-colditz.de\/grundschule\/wp-json\/wp\/v2\/comments?post=1144"}],"version-history":[{"count":0,"href":"https:\/\/schulen-colditz.de\/grundschule\/wp-json\/wp\/v2\/pages\/1144\/revisions"}],"wp:attachment":[{"href":"https:\/\/schulen-colditz.de\/grundschule\/wp-json\/wp\/v2\/media?parent=1144"}],"curies":[{"name":"wp","href":"https:\/\/api.w.org\/{rel}","templated":true}]}}